{"id":846,"date":"2017-10-12T13:34:22","date_gmt":"2017-10-12T11:34:22","guid":{"rendered":"http:\/\/s-o-c.fr\/?page_id=846"},"modified":"2023-01-29T21:15:50","modified_gmt":"2023-01-29T20:15:50","slug":"videos","status":"publish","type":"page","link":"http:\/\/s-o-c.fr\/index.php\/videos\/","title":{"rendered":"Videos"},"content":{"rendered":"\n<h2 class=\"has-text-align-left has-large-font-size wp-block-heading\"><strong>Zones Critiques<\/strong><\/h2>\n\n\n\n<figure class=\"wp-block-embed is-type-video is-provider-vimeo wp-block-embed-vimeo wp-embed-aspect-16-9 wp-has-aspect-ratio\"><div class=\"wp-block-embed__wrapper\">\n<iframe loading=\"lazy\" title=\"CZO map - SOC\" src=\"https:\/\/player.vimeo.com\/video\/756735051?h=a1d24ac895&amp;dnt=1&amp;app_id=122963\" width=\"750\" height=\"422\" frameborder=\"0\" allow=\"autoplay; fullscreen; picture-in-picture\" allowfullscreen><\/iframe>\n<\/div><figcaption class=\"wp-element-caption\"><a href=\"http:\/\/s-o-c.fr\/index.php\/zkm_czos\/\">Link project<\/a><\/figcaption><\/figure>\n\n\n\n<figure class=\"wp-block-embed is-type-video is-provider-vimeo wp-block-embed-vimeo wp-embed-aspect-16-9 wp-has-aspect-ratio\"><div class=\"wp-block-embed__wrapper\">\n<iframe loading=\"lazy\" title=\"Gaia-graphy. From the Globe to the Critical Zone\" src=\"https:\/\/player.vimeo.com\/video\/756749765?h=942ccbf168&amp;dnt=1&amp;app_id=122963\" width=\"750\" height=\"422\" frameborder=\"0\" allow=\"autoplay; fullscreen; picture-in-picture\" allowfullscreen><\/iframe>\n<\/div><figcaption class=\"wp-element-caption\"><a href=\"http:\/\/s-o-c.fr\/index.php\/gaia-graphy\/\">Link thesis<\/a> <br>Map Alexandra Ar\u00e8nes, animation video Juliette Hamon Damourette<\/figcaption><\/figure>\n\n\n\n<figure class=\"wp-block-embed is-type-video is-provider-vimeo wp-block-embed-vimeo wp-embed-aspect-16-9 wp-has-aspect-ratio\"><div class=\"wp-block-embed__wrapper\">\n<iframe loading=\"lazy\" title=\"Gaia-graphy Carbon cycle terrestrial scale\" src=\"https:\/\/player.vimeo.com\/video\/756747644?h=0b137eb035&amp;dnt=1&amp;app_id=122963\" width=\"750\" height=\"422\" frameborder=\"0\" allow=\"autoplay; fullscreen; picture-in-picture\" allowfullscreen><\/iframe>\n<\/div><figcaption class=\"wp-element-caption\"><a href=\"http:\/\/s-o-c.fr\/index.php\/gaia-graphy\/\">Link thesis<\/a> <br>Map Alexandra Ar\u00e8nes, animation video Sonia Levy<\/figcaption><\/figure>\n\n\n\n<figure class=\"wp-block-embed is-type-video is-provider-vimeo wp-block-embed-vimeo wp-embed-aspect-16-9 wp-has-aspect-ratio\"><div class=\"wp-block-embed__wrapper\">\n<iframe loading=\"lazy\" title=\"Gaia-graphy Sulphur cycles\" src=\"https:\/\/player.vimeo.com\/video\/756750008?h=6c735a227e&amp;dnt=1&amp;app_id=122963\" width=\"750\" height=\"422\" frameborder=\"0\" allow=\"autoplay; fullscreen; picture-in-picture\" allowfullscreen><\/iframe>\n<\/div><figcaption class=\"wp-element-caption\"><a href=\"http:\/\/s-o-c.fr\/index.php\/gaia-graphy\/\">Link thesis<\/a><br>Map Alexandra Ar\u00e8nes, animation video Juliette Hamon Damourette<\/figcaption><\/figure>\n\n\n\n<h2 class=\"has-text-align-left has-large-font-size wp-block-heading\"><strong>O\u00f9 Atterrir?<\/strong><\/h2>\n\n\n\n<figure class=\"wp-block-embed is-type-video is-provider-vimeo wp-block-embed-vimeo wp-embed-aspect-16-9 wp-has-aspect-ratio\"><div class=\"wp-block-embed__wrapper\">\n<iframe loading=\"lazy\" title=\"NCD-NANTERRE-5-18\" src=\"https:\/\/player.vimeo.com\/video\/317225386?h=c41f45254d&amp;dnt=1&amp;app_id=122963\" width=\"750\" height=\"422\" frameborder=\"0\" allow=\"autoplay; fullscreen; picture-in-picture\" allowfullscreen><\/iframe>\n<\/div><figcaption class=\"wp-element-caption\"><a href=\"http:\/\/s-o-c.fr\/index.php\/ncd\/\">Link project<\/a><\/figcaption><\/figure>\n\n\n\n<figure class=\"wp-block-embed is-type-video is-provider-vimeo wp-block-embed-vimeo wp-embed-aspect-16-9 wp-has-aspect-ratio\"><div class=\"wp-block-embed__wrapper\">\n<iframe loading=\"lazy\" title=\"BOUSOLE EXPLICATION.mp4\" src=\"https:\/\/player.vimeo.com\/video\/757592535?h=7ad8e0e65e&amp;dnt=1&amp;app_id=122963\" width=\"750\" height=\"422\" frameborder=\"0\" allow=\"autoplay; fullscreen; picture-in-picture\" allowfullscreen><\/iframe>\n<\/div><\/figure>\n\n\n\n<figure class=\"wp-block-embed is-type-video is-provider-vimeo wp-block-embed-vimeo\"><div class=\"wp-block-embed__wrapper\">\n<iframe loading=\"lazy\" title=\"paysages-supperpos&amp;eacute;s_groupements\" src=\"https:\/\/player.vimeo.com\/video\/757611667?h=a84335f635&amp;dnt=1&amp;app_id=122963\" width=\"750\" height=\"570\" frameborder=\"0\" allow=\"autoplay; fullscreen; picture-in-picture\" allowfullscreen><\/iframe>\n<\/div><\/figure>\n\n\n\n<h2 class=\"has-text-align-left has-large-font-size wp-block-heading\"><strong>Inside<\/strong><\/h2>\n\n\n\n<figure class=\"wp-block-embed is-type-video is-provider-youtube wp-block-embed-youtube wp-embed-aspect-16-9 wp-has-aspect-ratio\"><div class=\"wp-block-embed__wrapper\">\n<iframe loading=\"lazy\" title=\"INSIDE\" width=\"750\" height=\"422\" src=\"https:\/\/www.youtube.com\/embed\/gzPROcd1MuE?feature=oembed\" frameborder=\"0\" allow=\"accelerometer; autoplay; clipboard-write; encrypted-media; gyroscope; picture-in-picture; web-share\" allowfullscreen><\/iframe>\n<\/div><\/figure>\n\n\n\n<p class=\"has-extra-small-font-size\">INSIDE, A lecture-performance by Bruno Latour Staging and scenography: Fr\u00e9d\u00e9rique A\u00eft-Touati Images and animation: Alexandra Ar\u00e8nes, Axelle Gr\u00e9goire and Sonia Levy Video and light design: Patrick Laffont-Delojo Music: Eric Broitmann Light : R\u00e9mi Godfroy Production : zonecritique.org Co-production : Th\u00e9\u00e2tre Nanterre-Amandiers, K\u00fcnstlerhaus Mousonturm Frankfurt<\/p>\n\n\n\n<figure class=\"wp-block-embed is-type-video is-provider-vimeo wp-block-embed-vimeo wp-embed-aspect-16-9 wp-has-aspect-ratio\"><div class=\"wp-block-embed__wrapper\">\n<iframe loading=\"lazy\" title=\"Recomposition\" src=\"https:\/\/player.vimeo.com\/video\/237884425?h=2a08c4d40c&amp;dnt=1&amp;app_id=122963\" width=\"750\" height=\"422\" frameborder=\"0\" allow=\"autoplay; fullscreen; picture-in-picture\" allowfullscreen><\/iframe>\n<\/div><figcaption class=\"wp-element-caption\">Conception Axelle Gr\u00e9goire &#8211;&nbsp;Animation Sonia Levy<\/figcaption><\/figure>\n\n\n\n<figure class=\"wp-block-embed is-type-video is-provider-vimeo wp-block-embed-vimeo wp-embed-aspect-16-9 wp-has-aspect-ratio\"><div class=\"wp-block-embed__wrapper\">\n<iframe loading=\"lazy\" title=\"Ga&amp;iuml;a insight 01\" src=\"https:\/\/player.vimeo.com\/video\/202955831?h=fd7892f3dd&amp;dnt=1&amp;app_id=122963\" width=\"750\" height=\"422\" frameborder=\"0\" allow=\"autoplay; fullscreen; picture-in-picture\" allowfullscreen><\/iframe>\n<\/div><figcaption class=\"wp-element-caption\">Conception Alexandra Ar\u00e8nes &#8211;&nbsp;Animation Sonia Levy<\/figcaption><\/figure>\n\n\n\n<h2 class=\"has-text-align-left has-large-font-size wp-block-heading\"><strong>Cartogen\u00e8se du territoire de Belval<\/strong><\/h2>\n\n\n\n<figure class=\"wp-block-embed is-type-video is-provider-vimeo wp-block-embed-vimeo wp-embed-aspect-16-9 wp-has-aspect-ratio\"><div class=\"wp-block-embed__wrapper\">\n<iframe loading=\"lazy\" title=\"Cartogenese\" src=\"https:\/\/player.vimeo.com\/video\/232655044?h=9d04108c9c&amp;dnt=1&amp;app_id=122963\" width=\"750\" height=\"422\" frameborder=\"0\" allow=\"autoplay; fullscreen; picture-in-picture\" allowfullscreen><\/iframe>\n<\/div><figcaption class=\"wp-element-caption\">Conception Alexandra Ar\u00e8nes &#8211;&nbsp;Animation Sonia Levy<\/figcaption><\/figure>\n\n\n\n<figure class=\"wp-block-embed is-type-video is-provider-youtube wp-block-embed-youtube wp-embed-aspect-16-9 wp-has-aspect-ratio\"><div class=\"wp-block-embed__wrapper\">\n<iframe loading=\"lazy\" title=\"Conf\u00e9rence du 6 novembre 2017 - Cartographier le vivant\" width=\"750\" height=\"422\" src=\"https:\/\/www.youtube.com\/embed\/dr-X9O2KQJs?feature=oembed\" frameborder=\"0\" allow=\"accelerometer; autoplay; clipboard-write; encrypted-media; gyroscope; picture-in-picture; web-share\" allowfullscreen><\/iframe>\n<\/div><\/figure>\n\n\n\n<p class=\"has-extra-small-font-size\">Conf\u00e9rence au Mus\u00e9e de la Chasse et de la Nature &#8211; &#8220;Cartographier le Vivant&#8221;<\/p>\n","protected":false},"excerpt":{"rendered":"<p>Zones Critiques O\u00f9 Atterrir? Inside INSIDE, A lecture-performance by Bruno Latour Staging and scenography: Fr\u00e9d\u00e9rique A\u00eft-Touati Images and animation: Alexandra Ar\u00e8nes, Axelle Gr\u00e9goire and Sonia Levy Video and light design: Patrick Laffont-Delojo Music: Eric Broitmann Light : R\u00e9mi Godfroy Production : zonecritique.org Co-production : Th\u00e9\u00e2tre Nanterre-Amandiers, K\u00fcnstlerhaus Mousonturm Frankfurt Cartogen\u00e8se du territoire de Belval Conf\u00e9rence&hellip; <a class=\"more-link\" href=\"http:\/\/s-o-c.fr\/index.php\/videos\/\">Continue reading <span class=\"screen-reader-text\">Videos<\/span><\/a><\/p>\n","protected":false},"author":1,"featured_media":0,"parent":0,"menu_order":0,"comment_status":"closed","ping_status":"closed","template":"page-fullwidth.php","meta":{"footnotes":""},"_links":{"self":[{"href":"http:\/\/s-o-c.fr\/index.php\/wp-json\/wp\/v2\/pages\/846"}],"collection":[{"href":"http:\/\/s-o-c.fr\/index.php\/wp-json\/wp\/v2\/pages"}],"about":[{"href":"http:\/\/s-o-c.fr\/index.php\/wp-json\/wp\/v2\/types\/page"}],"author":[{"embeddable":true,"href":"http:\/\/s-o-c.fr\/index.php\/wp-json\/wp\/v2\/users\/1"}],"replies":[{"embeddable":true,"href":"http:\/\/s-o-c.fr\/index.php\/wp-json\/wp\/v2\/comments?post=846"}],"version-history":[{"count":20,"href":"http:\/\/s-o-c.fr\/index.php\/wp-json\/wp\/v2\/pages\/846\/revisions"}],"predecessor-version":[{"id":2165,"href":"http:\/\/s-o-c.fr\/index.php\/wp-json\/wp\/v2\/pages\/846\/revisions\/2165"}],"wp:attachment":[{"href":"http:\/\/s-o-c.fr\/index.php\/wp-json\/wp\/v2\/media?parent=846"}],"curies":[{"name":"wp","href":"https:\/\/api.w.org\/{rel}","templated":true}]}}