{"id":639,"date":"2017-09-06T15:09:56","date_gmt":"2017-09-06T13:09:56","guid":{"rendered":"http:\/\/s-o-c.fr\/?page_id=639"},"modified":"2024-06-27T13:18:06","modified_gmt":"2024-06-27T11:18:06","slug":"bios","status":"publish","type":"page","link":"http:\/\/s-o-c.fr\/index.php\/bios\/","title":{"rendered":"Studio SOC"},"content":{"rendered":"\n<p class=\"has-extra-small-font-size\">Alexandra Ar\u00e8nes, Soheil Hajmirbaba et Axelle Gr\u00e9goire sont architectes, membres du studio SOC. <strong>Alexandra<\/strong> est docteur en architecture de l&#8217;Universit\u00e9 de Manchester. Elle \u00e9tudie les zones critiques comme nouveau paradigme pour comprendre les paysages et leur cartographie \u00e0 l&#8217;\u00e9chelle des cycles de la Terre : <strong><a href=\"https:\/\/gaiagraphie.com\">Gaiagraphie<\/a><\/strong>. <strong>Axelle<\/strong> est architecte et plasticienne. Form\u00e9e \u00e0 diff\u00e9rents savoir-faire traditionnels ainsi qu&#8217;aux outils num\u00e9riques, elle d\u00e9veloppe des projets qui contribuent au renouvellement de la repr\u00e9sentation des territoires. Son studio <strong><a href=\"http:\/\/omanoeuvres.fr\" target=\"_blank\" rel=\"noreferrer noopener\">Omanoeuvres<\/a><\/strong> s&#8217;appuie sur la carte, le jeu et la narration comme m\u00e9thode de conception et de recherche. <strong>Soheil <\/strong>est architecte et urbaniste \u00e0 l&#8217;<strong><a href=\"http:\/\/www.shaa.io\">atelier <\/a><a href=\"http:\/\/www.shaa.io\" target=\"_blank\" rel=\"noreferrer noopener\">sha\u0101<\/a><\/strong>. Il d\u00e9fend une production vernaculaire de l&#8217;architecture, du territoire au b\u00e2timent, invitant \u00e0 consid\u00e9rer la mat\u00e9rialisation architecturale comme un r\u00e9sultat d&#8217;enqu\u00eates de terrain et de voyages anthropologiques. Collaborateurs 2020-2021 : <strong>Audrey Pety<\/strong>, designeuse ENSCI, r\u00e9alisatrice des animations des cartes ; <strong>Lucien Neviere<\/strong>, architecte, a travaill\u00e9 sur le projet O\u00f9 Atterrir?<\/p>\n\n\n\n<p class=\"has-extra-small-font-size\">SOC privil\u00e9gie les enqu\u00eates longues issues des pratiques de terrain et impliquant un r\u00e9seau d&#8217;acteurs de diverses disciplines. Actuellement, trois enqu\u00eates principales : <em><strong><a href=\"http:\/\/s-o-c.fr\/index.php\/ufo\/terraforma\/\">Terra Forma<\/a><\/strong>; <a href=\"http:\/\/s-o-c.fr\/index.php\/ncd\/\"><strong>NCD,&nbsp;O\u00f9 atterrir?<\/strong><\/a>; <a href=\"http:\/\/s-o-c.fr\/index.php\/zkm_czos\/\"><strong>CZO, Critical Zones<\/strong><\/a><\/em>, donnent lieu \u00e0 la production de divers objets multim\u00e9dias (livres, ateliers, installations, cartographies\u2026). L&#8217;objectif principal de SOC est de contribuer \u00e0 favoriser les \u00e9changes entre les arts, les sciences et l&#8217;architecture.<\/p>\n\n\n\n<p class=\"has-extra-small-font-size\">L\u2019atelier se situe \u00e0 Vitry-sur-Seine en Ile-de-France. Il se compose d\u2019un espace bureau et d\u2019un grand atelier de production incluant des machines de menuiserie. Cet espace peut \u00e9galement accueillir de grands workshops ou des expositions.<br><\/p>\n\n\n\n<h2 class=\"wp-block-heading has-text-align-center has-extra-small-font-size\">&#8230;<\/h2>\n\n\n\n<p class=\"has-extra-small-font-size\">Alexandra Ar\u00e8nes, Soheil Hajmirbaba and Axelle Gr\u00e9goire are architects, members of studio SOC. Alexandra is Doctor in Architecture from <a href=\"https:\/\/www.research.manchester.ac.uk\/portal\/alexandra.arenes-postgrad.html\">The University of Manchester<\/a>. She studies the Critical Zones as a new paradigm to understanding landscapes and their mapping at the scale of the Earth&#8217;s cycles: <strong><a href=\"https:\/\/gaiagraphie.com\">Gaiagraphie<\/a><\/strong>. Axelle is an architect and a visual artist. Trained in various traditional skills \u00a0as well as digital tools, she develops projects which contribute to the renewal of the representation of territories. Her studio <a href=\"http:\/\/omanoeuvres.fr\"><strong>Omanoeuvres<\/strong><\/a> is based on maps, games and narrative as a method of design and research. Soheil is an architect and urban planner at <strong><a href=\"http:\/\/shaa.archi\">atelier sha\u0101<\/a><\/strong>. He advocates a vernacular production of architecture, from territory to building, inviting to consider architectural materialization as an outcome of field investigations and anthropological travels. <\/p>\n\n\n\n<p class=\"has-extra-small-font-size\">SOC focuses on long <strong>inquiries<\/strong> emerging from field practices and involving a network of actors from various disciplines. Currently, three main inquiries: <em><strong><a href=\"http:\/\/s-o-c.fr\/index.php\/ufo\/terraforma\/\">Terra Forma<\/a><\/strong>; <a href=\"http:\/\/s-o-c.fr\/index.php\/ncd\/\"><strong>NCD,&nbsp;O\u00f9 atterrir?<\/strong><\/a>; <a href=\"http:\/\/s-o-c.fr\/index.php\/zkm_czos\/\"><strong>CZO, Critical Zones<\/strong><\/a><\/em>, lead to the production of various multimedia objects (books, workshops, installations, cartographies\u2026). SOC&#8217;s main objective is to contribute to foster exchanges between arts, sciences and architecture.<\/p>\n\n\n\n<p class=\"has-extra-small-font-size\">\/\/\/\/\/\/\/\/\/\/\/\/\/<strong><a href=\"http:\/\/s-o-c.fr\/wp-content\/uploads\/2020\/05\/LECRI1_191211_SOC.pdf\">Manifeste<\/a><\/strong><\/p>\n\n\n\n<p class=\"has-extra-small-font-size\">Le travail de SOC se partage actuellement entre trois grands sujets d\u2019enqu\u00eate-projet. Ce sont des projets longs qui mobilisent diff\u00e9rents acteurs de diff\u00e9rentes disciplines. La restitution de ces enqu\u00eates-\u00e9tudes \u00e0 un public est aussi un enjeu fort de SOC. C\u2019est pourquoi le d\u00e9roulement et les m\u00e9thodes de travail pour mener ces projets utilisent diff\u00e9rents m\u00e9diums: recherche, espace (installation, sc\u00e8ne, architecture), ateliers de travail et cartographies. L\u2019objectif est de partager des processus et de mettre en place des proc\u00e9dures ou des outils manquants afin de r\u00e9pondre au mieux \u00e0 chacun des sujets. Ceux-ci ont d\u2019ailleurs \u00e9merg\u00e9s suite \u00e0 des interrogations concernant la pratique d\u2019architecte et de cartographe. Artefact permettant de collecter les connaissances et de d\u00e9crire la richesse des mondes, humains et nonhumains, sans effacer la diversit\u00e9 des points de vue, l\u2019objet-fronti\u00e8re est un terme issu de la th\u00e9orie de l\u2019acteur r\u00e9seau. Il est le support de traductions h\u00e9t\u00e9rog\u00e8nes, un dispositif d\u2019int\u00e9gration de savoirs divers, experts et non experts. Il est donc caract\u00e9ris\u00e9 par une flexibilit\u00e9 interpr\u00e9tative qui permet de nous confronter \u00e0 nos mat\u00e9riaux de terrain. L\u2019objet-fronti\u00e8re est pour nous un attracteur d\u2019actions : recherche ; prototypage ; repr\u00e9sentation ; \u00e9change\/discussion ; performances ; publication ; design.<\/p>\n\n\n\n<h3 class=\"wp-block-heading has-text-align-center has-extra-small-font-size\">&nbsp;&#8230;<\/h3>\n\n\n\n<h3 class=\"wp-block-heading has-large-font-size\"><a href=\"http:\/\/s-o-c.fr\/index.php\/ufo\/\">Archives<\/a><\/h3>\n\n\n\n<hr class=\"wp-block-separator has-css-opacity\"\/>\n","protected":false},"excerpt":{"rendered":"<p>Alexandra Ar\u00e8nes, Soheil Hajmirbaba et Axelle Gr\u00e9goire sont architectes, membres du studio SOC. Alexandra est docteur en architecture de l&#8217;Universit\u00e9 de Manchester. Elle \u00e9tudie les zones critiques comme nouveau paradigme pour comprendre les paysages et leur cartographie \u00e0 l&#8217;\u00e9chelle des cycles de la Terre : Gaiagraphie. Axelle est architecte et plasticienne. Form\u00e9e \u00e0 diff\u00e9rents savoir-faire&hellip; <a class=\"more-link\" href=\"http:\/\/s-o-c.fr\/index.php\/bios\/\">Continue reading <span class=\"screen-reader-text\">Studio SOC<\/span><\/a><\/p>\n","protected":false},"author":1,"featured_media":0,"parent":0,"menu_order":1,"comment_status":"closed","ping_status":"closed","template":"","meta":{"footnotes":""},"_links":{"self":[{"href":"http:\/\/s-o-c.fr\/index.php\/wp-json\/wp\/v2\/pages\/639"}],"collection":[{"href":"http:\/\/s-o-c.fr\/index.php\/wp-json\/wp\/v2\/pages"}],"about":[{"href":"http:\/\/s-o-c.fr\/index.php\/wp-json\/wp\/v2\/types\/page"}],"author":[{"embeddable":true,"href":"http:\/\/s-o-c.fr\/index.php\/wp-json\/wp\/v2\/users\/1"}],"replies":[{"embeddable":true,"href":"http:\/\/s-o-c.fr\/index.php\/wp-json\/wp\/v2\/comments?post=639"}],"version-history":[{"count":76,"href":"http:\/\/s-o-c.fr\/index.php\/wp-json\/wp\/v2\/pages\/639\/revisions"}],"predecessor-version":[{"id":2295,"href":"http:\/\/s-o-c.fr\/index.php\/wp-json\/wp\/v2\/pages\/639\/revisions\/2295"}],"wp:attachment":[{"href":"http:\/\/s-o-c.fr\/index.php\/wp-json\/wp\/v2\/media?parent=639"}],"curies":[{"name":"wp","href":"https:\/\/api.w.org\/{rel}","templated":true}]}}