{"id":528,"date":"2017-07-25T12:56:24","date_gmt":"2017-07-25T10:56:24","guid":{"rendered":"http:\/\/s-o-c.fr\/?page_id=528"},"modified":"2023-01-30T11:21:03","modified_gmt":"2023-01-30T10:21:03","slug":"belval","status":"publish","type":"page","link":"http:\/\/s-o-c.fr\/index.php\/belval\/","title":{"rendered":"Notation des anim\u00e9s"},"content":{"rendered":"\n<h4 class=\"wp-block-heading\">Notation des anim\u00e9s*<\/h4>\n\n\n\n<p class=\"has-text-align-left has-extra-small-font-size\"><em>Alexandra Ar\u00e8nes<\/em>, avec Sonia Levy<\/p>\n\n\n\n<p class=\"has-text-align-left has-extra-small-font-size\">Notation des anim\u00e9s. Belval, Ardennes, Avril 2017.&nbsp;Art &amp; Anthropologie<i>.&nbsp;<\/i>Animation du workshop de terrain &#8211; <a href=\"http:\/\/arduennasilva.tumblr.com\">ARDUENNA SILVA.&nbsp;<\/a>Participants : Anne de Malleray, Fr\u00e9d\u00e9rique A\u00eft-Touati, Bruno Latour, Estelle Zhong, Baptiste Morizot, Claude d&#8217;Antenaise et Joshua de Paiva<\/p>\n\n\n<div class=\"wp-block-image wp-image-527 size-large\">\n<figure class=\"aligncenter\"><img loading=\"lazy\" decoding=\"async\" width=\"1024\" height=\"683\" src=\"http:\/\/s-o-c.fr\/wp-content\/uploads\/2017\/07\/IMG_1262-1024x683.jpg\" alt=\"\" class=\"wp-image-527\" srcset=\"http:\/\/s-o-c.fr\/wp-content\/uploads\/2017\/07\/IMG_1262-1024x683.jpg 1024w, http:\/\/s-o-c.fr\/wp-content\/uploads\/2017\/07\/IMG_1262-300x200.jpg 300w, http:\/\/s-o-c.fr\/wp-content\/uploads\/2017\/07\/IMG_1262-768x512.jpg 768w, http:\/\/s-o-c.fr\/wp-content\/uploads\/2017\/07\/IMG_1262-330x220.jpg 330w, http:\/\/s-o-c.fr\/wp-content\/uploads\/2017\/07\/IMG_1262.jpg 1890w\" sizes=\"(max-width: 1024px) 100vw, 1024px\" \/><figcaption class=\"wp-element-caption\">\u00a9 Sonia Levy<\/figcaption><\/figure><\/div>","protected":false},"excerpt":{"rendered":"<p>Notation des anim\u00e9s* Alexandra Ar\u00e8nes, avec Sonia Levy Notation des anim\u00e9s. Belval, Ardennes, Avril 2017.&nbsp;Art &amp; Anthropologie.&nbsp;Animation du workshop de terrain &#8211; ARDUENNA SILVA.&nbsp;Participants : Anne de Malleray, Fr\u00e9d\u00e9rique A\u00eft-Touati, Bruno Latour, Estelle Zhong, Baptiste Morizot, Claude d&#8217;Antenaise et Joshua de Paiva<\/p>\n","protected":false},"author":1,"featured_media":0,"parent":0,"menu_order":1,"comment_status":"closed","ping_status":"closed","template":"","meta":{"footnotes":""},"_links":{"self":[{"href":"http:\/\/s-o-c.fr\/index.php\/wp-json\/wp\/v2\/pages\/528"}],"collection":[{"href":"http:\/\/s-o-c.fr\/index.php\/wp-json\/wp\/v2\/pages"}],"about":[{"href":"http:\/\/s-o-c.fr\/index.php\/wp-json\/wp\/v2\/types\/page"}],"author":[{"embeddable":true,"href":"http:\/\/s-o-c.fr\/index.php\/wp-json\/wp\/v2\/users\/1"}],"replies":[{"embeddable":true,"href":"http:\/\/s-o-c.fr\/index.php\/wp-json\/wp\/v2\/comments?post=528"}],"version-history":[{"count":4,"href":"http:\/\/s-o-c.fr\/index.php\/wp-json\/wp\/v2\/pages\/528\/revisions"}],"predecessor-version":[{"id":2209,"href":"http:\/\/s-o-c.fr\/index.php\/wp-json\/wp\/v2\/pages\/528\/revisions\/2209"}],"wp:attachment":[{"href":"http:\/\/s-o-c.fr\/index.php\/wp-json\/wp\/v2\/media?parent=528"}],"curies":[{"name":"wp","href":"https:\/\/api.w.org\/{rel}","templated":true}]}}