{"id":2255,"date":"2024-01-08T15:49:34","date_gmt":"2024-01-08T14:49:34","guid":{"rendered":"http:\/\/s-o-c.fr\/?page_id=2255"},"modified":"2024-01-08T16:03:34","modified_gmt":"2024-01-08T15:03:34","slug":"partenariats-2","status":"publish","type":"page","link":"http:\/\/s-o-c.fr\/index.php\/partenariats-2\/","title":{"rendered":"Partenariats"},"content":{"rendered":"\n<div class=\"wp-block-group is-layout-constrained wp-block-group-is-layout-constrained\"><div class=\"wp-block-group__inner-container\">\n<p><a href=\"https:\/\/www.luma.org\/fr\/arles\/atelierluma.html\" target=\"_blank\" rel=\"noreferrer noopener\">Atelier Luma Arles<\/a><\/p>\n\n\n\n<p><a href=\"https:\/\/aau.archi.fr\/laboratoire-aau\/\" target=\"_blank\" rel=\"noreferrer noopener\">AAU Laboratoire Ambiances Architectures Urbanit\u00e9s<\/a><\/p>\n\n\n\n<p><a href=\"https:\/\/editions-b42.com\" target=\"_blank\" rel=\"noreferrer noopener\">B42<\/a><\/p>\n\n\n\n<p><a href=\"http:\/\/www.bruno-latour.fr\/fr.html\" target=\"_blank\" rel=\"noreferrer noopener\">Bruno Latour<\/a><\/p>\n\n\n\n<p><a href=\"https:\/\/www.dicen-idf.org\">CNAM<\/a><\/p>\n\n\n\n<p><a href=\"https:\/\/u-paris.fr\/centre-politiques-terre\/\">Centre des Politiques de la Terre<\/a>, Universit\u00e9 Paris<\/p>\n\n\n\n<p><a href=\"https:\/\/www.zonecritiquecie.org\/la-compagnie\" target=\"_blank\" rel=\"noreferrer noopener\">Compagnie Zone Critique<\/a>, Fr\u00e9d\u00e9rique A\u00eft-Touati<\/p>\n\n\n\n<p><a href=\"https:\/\/ethz.ch\/en.html\" target=\"_blank\" rel=\"noreferrer noopener\">ETH Zurich, Suisse<\/a><\/p>\n\n\n\n<p><a href=\"https:\/\/paris-malaquais.archi.fr\" target=\"_blank\" rel=\"noreferrer noopener\">ENSA Paris Malaquais<\/a><\/p>\n\n\n\n<p><a href=\"https:\/\/www.esaj.asso.fr\/?gclid=CjwKCAiA1-6sBhAoEiwArqlGPvr1nza_XqMk0hZ3Kx_elLT24In8BZFO4r21y2ttjPqcUYf0n2k_CxoC8JQQAvD_BwE\" target=\"_blank\" rel=\"noreferrer noopener\">ESAJ<\/a><\/p>\n\n\n\n<p><a href=\"https:\/\/www.luma.org\/fr\/arles.html\" target=\"_blank\" rel=\"noreferrer noopener\">Fondation Luma Arles<\/a><\/p>\n\n\n\n<p><a href=\"https:\/\/geosciences.univ-rennes.fr\" target=\"_blank\" rel=\"noreferrer noopener\">G\u00e9osciences Rennes CNRS<\/a><\/p>\n\n\n\n<p><a href=\"https:\/\/www.institutparisregion.fr\" target=\"_blank\" rel=\"noreferrer noopener\">Institut Paris R\u00e9gion<\/a><\/p>\n\n\n\n<p><a href=\"https:\/\/www.ipgp.fr\" target=\"_blank\" rel=\"noreferrer noopener\">Institut de Physique du Globe de Paris<\/a><\/p>\n\n\n\n<p><a href=\"https:\/\/jardin-sciences.unistra.fr\" target=\"_blank\" rel=\"noreferrer noopener\">Jardin des sciences de Strasbourg<\/a><\/p>\n\n\n\n<p><a href=\"https:\/\/www.mairie-ris-orangis.fr\" target=\"_blank\" rel=\"noreferrer noopener\">Mairie de Ris Orangis<\/a><\/p>\n\n\n\n<p><a href=\"https:\/\/www.ecologie.gouv.fr\" target=\"_blank\" rel=\"noreferrer noopener\">Minist\u00e8re de la Transition \u00e9cologique et solidaire<\/a>\u00a0<\/p>\n\n\n\n<p><a href=\"https:\/\/www.starts.eu\/article\/detail\/starts4water-announces-winners-of-open-call-for-10-artist-residencies-addressing-new-water-realities\/\" target=\"_blank\" rel=\"noreferrer noopener\">STARTS4WATER&nbsp;x&nbsp;TBA21<\/a>&nbsp;Venise, Italie<\/p>\n\n\n\n<p><a href=\"https:\/\/www.ozcar-ri.org\/fr\/accueil\/\" target=\"_blank\" rel=\"noreferrer noopener\">OZCAR, Observatoires de la Zone Critique, Applications et Recherches\u00a0<\/a><\/p>\n\n\n\n<p><a href=\"https:\/\/medialab.sciencespo.fr\" target=\"_blank\" rel=\"noreferrer noopener\">Medialab, Sciencespo<\/a><\/p>\n\n\n\n<p><a href=\"http:\/\/S-Composition\" target=\"_blank\" rel=\"noreferrer noopener\">S-Composition<\/a>, Chantal et Chlo\u00e9 Latour<\/p>\n\n\n\n<p><a href=\"http:\/\/www.sonialevy.net\" target=\"_blank\" rel=\"noreferrer noopener\">Sonia Levy<\/a>, artiste\u00a0<\/p>\n\n\n\n<p><a href=\"https:\/\/www.sciencespo.fr\/fr\/vie-a-sciences-po\/maison-des-arts-et-de-la-creation\/\" target=\"_blank\" rel=\"noreferrer noopener\">SPEAP<\/a>, Sciencespo<\/p>\n\n\n\n<p><a href=\"https:\/\/terra-forma-web.osug.fr\" target=\"_blank\" rel=\"noreferrer noopener\">TERRA FORMA projet Equipex + CNRS<\/a><\/p>\n\n\n\n<p><a href=\"https:\/\/www.manchester.ac.uk\" target=\"_blank\" rel=\"noreferrer noopener\">The University of Manchester<\/a>, UK<\/p>\n\n\n\n<p><a href=\"https:\/\/zkm.de\/en\" target=\"_blank\" rel=\"noreferrer noopener\">ZKM Centre art et m\u00e9dia<\/a>, Karlsruhe, Allemagne<\/p>\n<\/div><\/div>\n","protected":false},"excerpt":{"rendered":"<p>Atelier Luma Arles AAU Laboratoire Ambiances Architectures Urbanit\u00e9s B42 Bruno Latour CNAM Centre des Politiques de la Terre, Universit\u00e9 Paris Compagnie Zone Critique, Fr\u00e9d\u00e9rique A\u00eft-Touati ETH Zurich, Suisse ENSA Paris Malaquais ESAJ Fondation Luma Arles G\u00e9osciences Rennes CNRS Institut Paris R\u00e9gion Institut de Physique du Globe de Paris Jardin des sciences de Strasbourg Mairie de&hellip; <a class=\"more-link\" href=\"http:\/\/s-o-c.fr\/index.php\/partenariats-2\/\">Continue reading <span class=\"screen-reader-text\">Partenariats<\/span><\/a><\/p>\n","protected":false},"author":1,"featured_media":0,"parent":0,"menu_order":0,"comment_status":"closed","ping_status":"closed","template":"","meta":{"footnotes":""},"_links":{"self":[{"href":"http:\/\/s-o-c.fr\/index.php\/wp-json\/wp\/v2\/pages\/2255"}],"collection":[{"href":"http:\/\/s-o-c.fr\/index.php\/wp-json\/wp\/v2\/pages"}],"about":[{"href":"http:\/\/s-o-c.fr\/index.php\/wp-json\/wp\/v2\/types\/page"}],"author":[{"embeddable":true,"href":"http:\/\/s-o-c.fr\/index.php\/wp-json\/wp\/v2\/users\/1"}],"replies":[{"embeddable":true,"href":"http:\/\/s-o-c.fr\/index.php\/wp-json\/wp\/v2\/comments?post=2255"}],"version-history":[{"count":4,"href":"http:\/\/s-o-c.fr\/index.php\/wp-json\/wp\/v2\/pages\/2255\/revisions"}],"predecessor-version":[{"id":2260,"href":"http:\/\/s-o-c.fr\/index.php\/wp-json\/wp\/v2\/pages\/2255\/revisions\/2260"}],"wp:attachment":[{"href":"http:\/\/s-o-c.fr\/index.php\/wp-json\/wp\/v2\/media?parent=2255"}],"curies":[{"name":"wp","href":"https:\/\/api.w.org\/{rel}","templated":true}]}}