{"id":2030,"date":"2022-10-11T17:18:06","date_gmt":"2022-10-11T15:18:06","guid":{"rendered":"http:\/\/s-o-c.fr\/?page_id=2030"},"modified":"2024-06-27T13:09:59","modified_gmt":"2024-06-27T11:09:59","slug":"points-de-vie-des-arbres","status":"publish","type":"page","link":"http:\/\/s-o-c.fr\/index.php\/points-de-vie-des-arbres\/","title":{"rendered":"Points de vie des Arbres"},"content":{"rendered":"\n<h2 class=\"wp-block-heading alignwide has-large-font-size\">Cartographier l&#8217;Arbre-monde<\/h2>\n\n\n\n<div class=\"wp-block-columns alignwide is-layout-flex wp-container-core-columns-layout-1 wp-block-columns-is-layout-flex\">\n<div class=\"wp-block-column is-layout-flow wp-block-column-is-layout-flow\" style=\"flex-basis:100%\">\n<p class=\"has-extra-small-font-size\">Extrait de l&#8217;article publi\u00e9 dans les <a href=\"http:\/\/s-o-c.fr\/wp-content\/uploads\/2022\/10\/ArenesGregoire.pdf\">Cahiers du paysage, Bienale d\u2019Architecture et de Paysage 2022<\/a>, Axelle Gr\u00e9goire et Alexandra Ar\u00e8nes<\/p>\n<\/div>\n<\/div>\n\n\n\n<div class=\"wp-block-columns alignwide is-layout-flex wp-container-core-columns-layout-2 wp-block-columns-is-layout-flex\">\n<div class=\"wp-block-column is-layout-flow wp-block-column-is-layout-flow\" style=\"flex-basis:100%\">\n<p class=\"has-extra-small-font-size\">De Yggdrasil \u00e0 Richard Powers<a href=\"applewebdata:\/\/11D1AF5A-8988-4852-B038-0CA179FBAD7F#_ftn1\"><sup>[1]<\/sup><\/a>, l\u2019arbre cosmique est une image matricielle et une trame narrative pour penser le monde. Or concernant la repr\u00e9sentation de nos territoires, l\u2019arbre a perdu son r\u00f4le structurant. Et comme le reste du vivant, il a progressivement \u00e9t\u00e9 invisibilis\u00e9. En effet, nos syst\u00e8mes de repr\u00e9sentation ont \u00e9t\u00e9 con\u00e7us en fonction de l\u2019habitat humain, avec une vision n\u00e9cessairement anthropocentr\u00e9e. Or l\u2019entr\u00e9e dans l\u2019\u00e8re de l\u2019Anthropoc\u00e8ne nous oblige, en r\u00e9action, \u00e0 d\u00e9centrer le regard et \u00e0 prendre en compte l\u2019ensemble de nos interrelations avec les vivants qui fa\u00e7onnent tout autant que nous, architectes, les paysages. L\u2019Anthropoc\u00e8ne se traduit comme une crise de l\u2019habitabilit\u00e9<a href=\"applewebdata:\/\/11D1AF5A-8988-4852-B038-0CA179FBAD7F#_ftn2\"><sup>[2]<\/sup><\/a>&nbsp;de nos territoires mais aussi une crise de nos repr\u00e9sentations. Face \u00e0 cette crise, nous sommes forc\u00e9s de faire le constat d\u2019un d\u00e9ficit d\u2019images et d\u2019outils pour exprimer le caract\u00e8re&nbsp;inextricable des relations entre humains et non-humains. Dans la plupart des cartes, l\u2019arbre, s\u2019il n\u2019est pas d\u2019embl\u00e9e dilu\u00e9 en aplat vert pour d\u00e9signer des milieux r\u00e9duits \u00e0 leur couleur, est tr\u00e8s souvent un objet auquel on assigne une \u00e9chelle, que l\u2019on g\u00e9olocalise, que l\u2019on d\u00e9place ou transplante, sans mesurer la relation puissante et complexe qu\u2019il entretient \u00e0 l\u2019espace&nbsp;; de mani\u00e8re imm\u00e9diate ou lointaine, en \u00e9tendue comme en profondeur. <br><\/p>\n<\/div>\n<\/div>\n\n\n\n<hr class=\"wp-block-separator has-css-opacity\"\/>\n\n\n\n<div class=\"wp-block-columns alignwide is-layout-flex wp-container-core-columns-layout-3 wp-block-columns-is-layout-flex\">\n<div class=\"wp-block-column is-layout-flow wp-block-column-is-layout-flow\" style=\"flex-basis:100%\">\n<p class=\"has-extra-small-font-size\"><a href=\"applewebdata:\/\/11D1AF5A-8988-4852-B038-0CA179FBAD7F#_ftnref1\"><sup><strong>[1]<\/strong><\/sup><\/a>&nbsp;&nbsp;&nbsp;&nbsp;&nbsp;&nbsp;&nbsp;&nbsp;&nbsp;&nbsp;&nbsp;&nbsp;&nbsp;&nbsp;&nbsp;&nbsp;Yggdrasil est \u00ab&nbsp;l\u2019arbre du monde&nbsp;\u00bb dans la mythologie nordique. Il organise l\u2019espace et structure la repr\u00e9sentation des mondes (\u00c1sgard, Midgard et Niflheim) en les reliant. De mani\u00e8re plus contemporaine, l\u2019expression \u00ab&nbsp;l\u2019arbre-monde&nbsp;\u00bb a \u00e9galement \u00e9t\u00e9 choisie pour traduire en fran\u00e7ais le titre du roman \u00ab&nbsp;The Overstory&nbsp;\u00bb de l\u2019am\u00e9ricain Richard Power, soulignant le rapport entre le schema narrative et la figure de l\u2019arbre, lien entre tous les personnages.&nbsp;&nbsp;(Powers R. (2018).&nbsp;L\u2019Arbre-monde.&nbsp;Paris&nbsp;: Le Cherche Midi)<\/p>\n<\/div>\n<\/div>\n\n\n\n<div class=\"wp-block-columns alignwide is-layout-flex wp-container-core-columns-layout-4 wp-block-columns-is-layout-flex\">\n<div class=\"wp-block-column is-layout-flow wp-block-column-is-layout-flow\" style=\"flex-basis:100%\">\n<p class=\"has-extra-small-font-size\"><a href=\"applewebdata:\/\/11D1AF5A-8988-4852-B038-0CA179FBAD7F#_ftnref2\"><sup><strong>[2]<\/strong><\/sup><\/a>&nbsp;&nbsp;&nbsp;&nbsp;&nbsp;&nbsp;&nbsp;&nbsp;&nbsp;&nbsp;&nbsp;&nbsp;&nbsp;&nbsp;&nbsp;&nbsp;Le terme d&#8217;habitabilit\u00e9 \u00e9tait d\u2019abord utilis\u00e9 concernant les plan\u00e8tes et leurs satellites naturels pour d\u00e9finir la capacit\u00e9 d&#8217;un corps astronomique \u00e0 accueillir et d\u00e9velopper la vie. Aujourd\u2019hui l\u2019habitabilit\u00e9 devient la mesure pour d\u00e9terminer le degr\u00e9 de d\u00e9sagr\u00e9gation de nos milieux anthropis\u00e9s mais aussi notre capacit\u00e9 de r\u00e9paration de ces m\u00eames milieux, comme le r\u00e9sume Anna Tsing avec la notion de \u00ab&nbsp;paysages en ruine&nbsp;\u00bb. &nbsp;(Tsing A. L., The Mushroom at the End of the World &#8211; On the Possibility of life in Capitalist Ruins, Edition &#8211; Princeton university Press, 2015.)<\/p>\n<\/div>\n<\/div>\n\n\n\n<figure class=\"wp-block-gallery alignwide has-nested-images columns-default is-cropped wp-block-gallery-1 is-layout-flex wp-block-gallery-is-layout-flex\">\n<figure class=\"wp-block-image size-full\"><a href=\"http:\/\/s-o-c.fr\/wp-content\/uploads\/2022\/10\/arbre-monde-point-de-vie.001.jpeg\"><img loading=\"lazy\" decoding=\"async\" width=\"1920\" height=\"1080\" data-id=\"2033\" src=\"http:\/\/s-o-c.fr\/wp-content\/uploads\/2022\/10\/arbre-monde-point-de-vie.001.jpeg\" alt=\"\" class=\"wp-image-2033\" srcset=\"http:\/\/s-o-c.fr\/wp-content\/uploads\/2022\/10\/arbre-monde-point-de-vie.001.jpeg 1920w, http:\/\/s-o-c.fr\/wp-content\/uploads\/2022\/10\/arbre-monde-point-de-vie.001-300x169.jpeg 300w, http:\/\/s-o-c.fr\/wp-content\/uploads\/2022\/10\/arbre-monde-point-de-vie.001-1024x576.jpeg 1024w, http:\/\/s-o-c.fr\/wp-content\/uploads\/2022\/10\/arbre-monde-point-de-vie.001-768x432.jpeg 768w, http:\/\/s-o-c.fr\/wp-content\/uploads\/2022\/10\/arbre-monde-point-de-vie.001-1536x864.jpeg 1536w\" sizes=\"(max-width: 1920px) 100vw, 1920px\" \/><\/a><\/figure>\n\n\n\n<figure class=\"wp-block-image size-full\"><a href=\"http:\/\/s-o-c.fr\/wp-content\/uploads\/2022\/04\/MAP_Tree_Beech-01-light-scaled.jpg\"><img loading=\"lazy\" decoding=\"async\" width=\"2560\" height=\"2560\" data-id=\"1629\" src=\"http:\/\/s-o-c.fr\/wp-content\/uploads\/2022\/04\/MAP_Tree_Beech-01-light-scaled.jpg\" alt=\"\" class=\"wp-image-1629\" srcset=\"http:\/\/s-o-c.fr\/wp-content\/uploads\/2022\/04\/MAP_Tree_Beech-01-light-scaled.jpg 2560w, http:\/\/s-o-c.fr\/wp-content\/uploads\/2022\/04\/MAP_Tree_Beech-01-light-300x300.jpg 300w, http:\/\/s-o-c.fr\/wp-content\/uploads\/2022\/04\/MAP_Tree_Beech-01-light-1024x1024.jpg 1024w, http:\/\/s-o-c.fr\/wp-content\/uploads\/2022\/04\/MAP_Tree_Beech-01-light-150x150.jpg 150w, http:\/\/s-o-c.fr\/wp-content\/uploads\/2022\/04\/MAP_Tree_Beech-01-light-768x768.jpg 768w, http:\/\/s-o-c.fr\/wp-content\/uploads\/2022\/04\/MAP_Tree_Beech-01-light-1536x1536.jpg 1536w, http:\/\/s-o-c.fr\/wp-content\/uploads\/2022\/04\/MAP_Tree_Beech-01-light-2048x2048.jpg 2048w\" sizes=\"(max-width: 2560px) 100vw, 2560px\" \/><\/a><\/figure>\n\n\n\n<figure class=\"wp-block-image size-full\"><a href=\"http:\/\/s-o-c.fr\/wp-content\/uploads\/2022\/04\/MAP_Tree_Spruce-01-light-scaled.jpg\"><img loading=\"lazy\" decoding=\"async\" width=\"2560\" height=\"2560\" data-id=\"1628\" src=\"http:\/\/s-o-c.fr\/wp-content\/uploads\/2022\/04\/MAP_Tree_Spruce-01-light-scaled.jpg\" alt=\"\" class=\"wp-image-1628\" srcset=\"http:\/\/s-o-c.fr\/wp-content\/uploads\/2022\/04\/MAP_Tree_Spruce-01-light-scaled.jpg 2560w, http:\/\/s-o-c.fr\/wp-content\/uploads\/2022\/04\/MAP_Tree_Spruce-01-light-300x300.jpg 300w, http:\/\/s-o-c.fr\/wp-content\/uploads\/2022\/04\/MAP_Tree_Spruce-01-light-1024x1024.jpg 1024w, http:\/\/s-o-c.fr\/wp-content\/uploads\/2022\/04\/MAP_Tree_Spruce-01-light-150x150.jpg 150w, http:\/\/s-o-c.fr\/wp-content\/uploads\/2022\/04\/MAP_Tree_Spruce-01-light-768x768.jpg 768w, http:\/\/s-o-c.fr\/wp-content\/uploads\/2022\/04\/MAP_Tree_Spruce-01-light-1536x1536.jpg 1536w, http:\/\/s-o-c.fr\/wp-content\/uploads\/2022\/04\/MAP_Tree_Spruce-01-light-2048x2048.jpg 2048w\" sizes=\"(max-width: 2560px) 100vw, 2560px\" \/><\/a><\/figure>\n\n\n\n<figure class=\"wp-block-image size-full\"><a href=\"http:\/\/s-o-c.fr\/wp-content\/uploads\/2022\/10\/arbre-monde-point-de-vie.010.jpeg\"><img loading=\"lazy\" decoding=\"async\" width=\"1920\" height=\"1080\" data-id=\"2036\" src=\"http:\/\/s-o-c.fr\/wp-content\/uploads\/2022\/10\/arbre-monde-point-de-vie.010.jpeg\" alt=\"\" class=\"wp-image-2036\" srcset=\"http:\/\/s-o-c.fr\/wp-content\/uploads\/2022\/10\/arbre-monde-point-de-vie.010.jpeg 1920w, http:\/\/s-o-c.fr\/wp-content\/uploads\/2022\/10\/arbre-monde-point-de-vie.010-300x169.jpeg 300w, http:\/\/s-o-c.fr\/wp-content\/uploads\/2022\/10\/arbre-monde-point-de-vie.010-1024x576.jpeg 1024w, http:\/\/s-o-c.fr\/wp-content\/uploads\/2022\/10\/arbre-monde-point-de-vie.010-768x432.jpeg 768w, http:\/\/s-o-c.fr\/wp-content\/uploads\/2022\/10\/arbre-monde-point-de-vie.010-1536x864.jpeg 1536w\" sizes=\"(max-width: 1920px) 100vw, 1920px\" \/><\/a><\/figure>\n\n\n\n<figure class=\"wp-block-image size-full\"><a href=\"http:\/\/s-o-c.fr\/wp-content\/uploads\/2022\/10\/arbre-monde-point-de-vie.012.jpeg\"><img loading=\"lazy\" decoding=\"async\" width=\"1920\" height=\"1080\" data-id=\"2038\" src=\"http:\/\/s-o-c.fr\/wp-content\/uploads\/2022\/10\/arbre-monde-point-de-vie.012.jpeg\" alt=\"\" class=\"wp-image-2038\" srcset=\"http:\/\/s-o-c.fr\/wp-content\/uploads\/2022\/10\/arbre-monde-point-de-vie.012.jpeg 1920w, http:\/\/s-o-c.fr\/wp-content\/uploads\/2022\/10\/arbre-monde-point-de-vie.012-300x169.jpeg 300w, http:\/\/s-o-c.fr\/wp-content\/uploads\/2022\/10\/arbre-monde-point-de-vie.012-1024x576.jpeg 1024w, http:\/\/s-o-c.fr\/wp-content\/uploads\/2022\/10\/arbre-monde-point-de-vie.012-768x432.jpeg 768w, http:\/\/s-o-c.fr\/wp-content\/uploads\/2022\/10\/arbre-monde-point-de-vie.012-1536x864.jpeg 1536w\" sizes=\"(max-width: 1920px) 100vw, 1920px\" \/><\/a><\/figure>\n\n\n\n<figure class=\"wp-block-image size-full\"><a href=\"http:\/\/s-o-c.fr\/wp-content\/uploads\/2022\/10\/arbre-monde-point-de-vie.013.jpeg\"><img loading=\"lazy\" decoding=\"async\" width=\"1920\" height=\"1080\" data-id=\"2039\" src=\"http:\/\/s-o-c.fr\/wp-content\/uploads\/2022\/10\/arbre-monde-point-de-vie.013.jpeg\" alt=\"\" class=\"wp-image-2039\" srcset=\"http:\/\/s-o-c.fr\/wp-content\/uploads\/2022\/10\/arbre-monde-point-de-vie.013.jpeg 1920w, http:\/\/s-o-c.fr\/wp-content\/uploads\/2022\/10\/arbre-monde-point-de-vie.013-300x169.jpeg 300w, http:\/\/s-o-c.fr\/wp-content\/uploads\/2022\/10\/arbre-monde-point-de-vie.013-1024x576.jpeg 1024w, http:\/\/s-o-c.fr\/wp-content\/uploads\/2022\/10\/arbre-monde-point-de-vie.013-768x432.jpeg 768w, http:\/\/s-o-c.fr\/wp-content\/uploads\/2022\/10\/arbre-monde-point-de-vie.013-1536x864.jpeg 1536w\" sizes=\"(max-width: 1920px) 100vw, 1920px\" \/><\/a><\/figure>\n\n\n\n<figure class=\"wp-block-image size-full\"><a href=\"http:\/\/s-o-c.fr\/wp-content\/uploads\/2022\/10\/arbre-monde-point-de-vie.011.jpeg\"><img loading=\"lazy\" decoding=\"async\" width=\"1920\" height=\"1080\" data-id=\"2037\" src=\"http:\/\/s-o-c.fr\/wp-content\/uploads\/2022\/10\/arbre-monde-point-de-vie.011.jpeg\" alt=\"\" class=\"wp-image-2037\" srcset=\"http:\/\/s-o-c.fr\/wp-content\/uploads\/2022\/10\/arbre-monde-point-de-vie.011.jpeg 1920w, http:\/\/s-o-c.fr\/wp-content\/uploads\/2022\/10\/arbre-monde-point-de-vie.011-300x169.jpeg 300w, http:\/\/s-o-c.fr\/wp-content\/uploads\/2022\/10\/arbre-monde-point-de-vie.011-1024x576.jpeg 1024w, http:\/\/s-o-c.fr\/wp-content\/uploads\/2022\/10\/arbre-monde-point-de-vie.011-768x432.jpeg 768w, http:\/\/s-o-c.fr\/wp-content\/uploads\/2022\/10\/arbre-monde-point-de-vie.011-1536x864.jpeg 1536w\" sizes=\"(max-width: 1920px) 100vw, 1920px\" \/><\/a><\/figure>\n\n\n\n<figure class=\"wp-block-image size-full\"><a href=\"http:\/\/s-o-c.fr\/wp-content\/uploads\/2022\/10\/IMG_2806-1024x768-1.jpeg\"><img loading=\"lazy\" decoding=\"async\" width=\"1024\" height=\"768\" data-id=\"2045\" src=\"http:\/\/s-o-c.fr\/wp-content\/uploads\/2022\/10\/IMG_2806-1024x768-1.jpeg\" alt=\"\" class=\"wp-image-2045\" srcset=\"http:\/\/s-o-c.fr\/wp-content\/uploads\/2022\/10\/IMG_2806-1024x768-1.jpeg 1024w, http:\/\/s-o-c.fr\/wp-content\/uploads\/2022\/10\/IMG_2806-1024x768-1-300x225.jpeg 300w, http:\/\/s-o-c.fr\/wp-content\/uploads\/2022\/10\/IMG_2806-1024x768-1-768x576.jpeg 768w, http:\/\/s-o-c.fr\/wp-content\/uploads\/2022\/10\/IMG_2806-1024x768-1-640x480.jpeg 640w\" sizes=\"(max-width: 1024px) 100vw, 1024px\" \/><\/a><\/figure>\n\n\n\n<figure class=\"wp-block-image size-full\"><a href=\"http:\/\/s-o-c.fr\/wp-content\/uploads\/2022\/10\/unnamed.jpg\"><img loading=\"lazy\" decoding=\"async\" width=\"750\" height=\"751\" data-id=\"2043\" src=\"http:\/\/s-o-c.fr\/wp-content\/uploads\/2022\/10\/unnamed.jpg\" alt=\"\" class=\"wp-image-2043\" srcset=\"http:\/\/s-o-c.fr\/wp-content\/uploads\/2022\/10\/unnamed.jpg 750w, http:\/\/s-o-c.fr\/wp-content\/uploads\/2022\/10\/unnamed-300x300.jpg 300w, http:\/\/s-o-c.fr\/wp-content\/uploads\/2022\/10\/unnamed-150x150.jpg 150w\" sizes=\"(max-width: 750px) 100vw, 750px\" \/><\/a><\/figure>\n\n\n\n<figure class=\"wp-block-image size-full\"><a href=\"http:\/\/s-o-c.fr\/wp-content\/uploads\/2022\/10\/IMG_2732-scaled.jpeg\"><img loading=\"lazy\" decoding=\"async\" width=\"1920\" height=\"2560\" data-id=\"1751\" src=\"http:\/\/s-o-c.fr\/wp-content\/uploads\/2022\/10\/IMG_2732-scaled.jpeg\" alt=\"\" class=\"wp-image-1751\" srcset=\"http:\/\/s-o-c.fr\/wp-content\/uploads\/2022\/10\/IMG_2732-scaled.jpeg 1920w, http:\/\/s-o-c.fr\/wp-content\/uploads\/2022\/10\/IMG_2732-225x300.jpeg 225w, http:\/\/s-o-c.fr\/wp-content\/uploads\/2022\/10\/IMG_2732-768x1024.jpeg 768w, http:\/\/s-o-c.fr\/wp-content\/uploads\/2022\/10\/IMG_2732-1152x1536.jpeg 1152w, http:\/\/s-o-c.fr\/wp-content\/uploads\/2022\/10\/IMG_2732-1536x2048.jpeg 1536w\" sizes=\"(max-width: 1920px) 100vw, 1920px\" \/><\/a><\/figure>\n<\/figure>\n\n\n\n<div class=\"wp-block-columns alignwide is-layout-flex wp-container-core-columns-layout-5 wp-block-columns-is-layout-flex\">\n<div class=\"wp-block-column is-layout-flow wp-block-column-is-layout-flow\" style=\"flex-basis:100%\">\n<p class=\"has-extra-small-font-size\">Alexandra Ar\u00e8nes et Axelle Gregoire, studio SOC. Carte du point de vie d\u2019un h\u00eatre et d&#8217;un \u00e9pic\u00e9a, de l\u2019Observatoire de la Zone Critique du Strengbach en Alsace, 2020.&nbsp;<br><em>Carte expos\u00e9e dans l\u2019installation \u00ab&nbsp;Critical Zone Observatory Space&nbsp;\u00bb, SOC (Soci\u00e9t\u00e9 d\u2019Objets Cartographiques), dans l\u2019exposition collective \u201cCritical Zones. Observatories for Earthly Politics\u201d, 2020\/2022, ZKM | Center for Art and Media Karlsruhe, Allemagne.<\/em><\/p>\n<\/div>\n<\/div>\n","protected":false},"excerpt":{"rendered":"<p>Cartographier l&#8217;Arbre-monde Extrait de l&#8217;article publi\u00e9 dans les Cahiers du paysage, Bienale d\u2019Architecture et de Paysage 2022, Axelle Gr\u00e9goire et Alexandra Ar\u00e8nes De Yggdrasil \u00e0 Richard Powers[1], l\u2019arbre cosmique est une image matricielle et une trame narrative pour penser le monde. Or concernant la repr\u00e9sentation de nos territoires, l\u2019arbre a perdu son r\u00f4le structurant. Et&hellip; <a class=\"more-link\" href=\"http:\/\/s-o-c.fr\/index.php\/points-de-vie-des-arbres\/\">Continue reading <span class=\"screen-reader-text\">Points de vie des Arbres<\/span><\/a><\/p>\n","protected":false},"author":1,"featured_media":0,"parent":0,"menu_order":0,"comment_status":"closed","ping_status":"closed","template":"","meta":{"footnotes":""},"_links":{"self":[{"href":"http:\/\/s-o-c.fr\/index.php\/wp-json\/wp\/v2\/pages\/2030"}],"collection":[{"href":"http:\/\/s-o-c.fr\/index.php\/wp-json\/wp\/v2\/pages"}],"about":[{"href":"http:\/\/s-o-c.fr\/index.php\/wp-json\/wp\/v2\/types\/page"}],"author":[{"embeddable":true,"href":"http:\/\/s-o-c.fr\/index.php\/wp-json\/wp\/v2\/users\/1"}],"replies":[{"embeddable":true,"href":"http:\/\/s-o-c.fr\/index.php\/wp-json\/wp\/v2\/comments?post=2030"}],"version-history":[{"count":11,"href":"http:\/\/s-o-c.fr\/index.php\/wp-json\/wp\/v2\/pages\/2030\/revisions"}],"predecessor-version":[{"id":2285,"href":"http:\/\/s-o-c.fr\/index.php\/wp-json\/wp\/v2\/pages\/2030\/revisions\/2285"}],"wp:attachment":[{"href":"http:\/\/s-o-c.fr\/index.php\/wp-json\/wp\/v2\/media?parent=2030"}],"curies":[{"name":"wp","href":"https:\/\/api.w.org\/{rel}","templated":true}]}}