{"id":1966,"date":"2022-10-06T16:34:26","date_gmt":"2022-10-06T14:34:26","guid":{"rendered":"http:\/\/s-o-c.fr\/?page_id=1966"},"modified":"2024-06-27T13:15:06","modified_gmt":"2024-06-27T11:15:06","slug":"ou-atterrir-a-arles","status":"publish","type":"page","link":"http:\/\/s-o-c.fr\/index.php\/ou-atterrir-a-arles\/","title":{"rendered":"O\u00f9 Atterrir \u00e0 Arles ?"},"content":{"rendered":"\n<p class=\"has-extra-small-font-size\"><strong>Recherche-action, Fondation Luma, Arles. \u00c9quipe : SOC, Cl\u00e9mence Hall\u00e9, Bruno Latour. Sur une proposition de Martin Guinard.<\/strong><\/p>\n\n\n\n<div class=\"wp-block-columns alignwide is-layout-flex wp-container-core-columns-layout-1 wp-block-columns-is-layout-flex\">\n<div class=\"wp-block-column is-layout-flow wp-block-column-is-layout-flow\" style=\"flex-basis:100%\">\n<p class=\"has-extra-small-font-size\">Se situer avant, pour s\u2019orienter ensuite. L\u2019objectif des Cahiers de Dol\u00e9ance est pour nous de visualiser et de partager les terrains de vie pour faire l\u2019exp\u00e9rience de la construction d\u2019un monde commun par la m\u00e9tamorphoses des appartenances.&nbsp;A la suite du projet pilote O\u00f9 Atterrir en r\u00e9gion Centre, nous d\u00e9ployons une partie de ces outils \u00e0 Arles sur une demande de la Fondation Luma et rassemblant des acteurs vari\u00e9s du monde de l&#8217;art. La s\u00e9rie de protocoles SOC se d\u00e9roulent au cours d\u2019une s\u00e9rie d\u2019ateliers. La sc\u00e8ne apporte une dimension solennelle \u00e0 l\u2019assembl\u00e9e et les outils cartographiques se d\u00e9ploient dans l\u2019espace.<\/p>\n<\/div>\n<\/div>\n\n\n\n<figure class=\"wp-block-image alignwide size-full\"><img loading=\"lazy\" decoding=\"async\" width=\"1920\" height=\"1080\" src=\"http:\/\/s-o-c.fr\/wp-content\/uploads\/2022\/10\/OA-presentaiton-demarche-SOC-septembre-22-.031.jpeg\" alt=\"\" class=\"wp-image-1976\" srcset=\"http:\/\/s-o-c.fr\/wp-content\/uploads\/2022\/10\/OA-presentaiton-demarche-SOC-septembre-22-.031.jpeg 1920w, http:\/\/s-o-c.fr\/wp-content\/uploads\/2022\/10\/OA-presentaiton-demarche-SOC-septembre-22-.031-300x169.jpeg 300w, http:\/\/s-o-c.fr\/wp-content\/uploads\/2022\/10\/OA-presentaiton-demarche-SOC-septembre-22-.031-1024x576.jpeg 1024w, http:\/\/s-o-c.fr\/wp-content\/uploads\/2022\/10\/OA-presentaiton-demarche-SOC-septembre-22-.031-768x432.jpeg 768w, http:\/\/s-o-c.fr\/wp-content\/uploads\/2022\/10\/OA-presentaiton-demarche-SOC-septembre-22-.031-1536x864.jpeg 1536w\" sizes=\"(max-width: 1920px) 100vw, 1920px\" \/><\/figure>\n\n\n\n<div class=\"wp-block-columns alignwide is-layout-flex wp-container-core-columns-layout-2 wp-block-columns-is-layout-flex\">\n<div class=\"wp-block-column is-layout-flow wp-block-column-is-layout-flow\" style=\"flex-basis:50%\">\n<figure class=\"wp-block-image size-large\"><img loading=\"lazy\" decoding=\"async\" width=\"1024\" height=\"576\" src=\"http:\/\/s-o-c.fr\/wp-content\/uploads\/2022\/10\/OA-presentaiton-demarche-SOC-septembre-22-.020-1024x576.jpeg\" alt=\"\" class=\"wp-image-1968\" srcset=\"http:\/\/s-o-c.fr\/wp-content\/uploads\/2022\/10\/OA-presentaiton-demarche-SOC-septembre-22-.020-1024x576.jpeg 1024w, http:\/\/s-o-c.fr\/wp-content\/uploads\/2022\/10\/OA-presentaiton-demarche-SOC-septembre-22-.020-300x169.jpeg 300w, http:\/\/s-o-c.fr\/wp-content\/uploads\/2022\/10\/OA-presentaiton-demarche-SOC-septembre-22-.020-768x432.jpeg 768w, http:\/\/s-o-c.fr\/wp-content\/uploads\/2022\/10\/OA-presentaiton-demarche-SOC-septembre-22-.020-1536x864.jpeg 1536w, http:\/\/s-o-c.fr\/wp-content\/uploads\/2022\/10\/OA-presentaiton-demarche-SOC-septembre-22-.020.jpeg 1920w\" sizes=\"(max-width: 1024px) 100vw, 1024px\" \/><\/figure>\n<\/div>\n\n\n\n<div class=\"wp-block-column is-layout-flow wp-block-column-is-layout-flow\" style=\"flex-basis:50%\">\n<figure class=\"wp-block-image size-large\"><img loading=\"lazy\" decoding=\"async\" width=\"1024\" height=\"576\" src=\"http:\/\/s-o-c.fr\/wp-content\/uploads\/2022\/10\/OA-presentaiton-demarche-SOC-septembre-22-.021-1024x576.jpeg\" alt=\"\" class=\"wp-image-1969\" srcset=\"http:\/\/s-o-c.fr\/wp-content\/uploads\/2022\/10\/OA-presentaiton-demarche-SOC-septembre-22-.021-1024x576.jpeg 1024w, http:\/\/s-o-c.fr\/wp-content\/uploads\/2022\/10\/OA-presentaiton-demarche-SOC-septembre-22-.021-300x169.jpeg 300w, http:\/\/s-o-c.fr\/wp-content\/uploads\/2022\/10\/OA-presentaiton-demarche-SOC-septembre-22-.021-768x432.jpeg 768w, http:\/\/s-o-c.fr\/wp-content\/uploads\/2022\/10\/OA-presentaiton-demarche-SOC-septembre-22-.021-1536x864.jpeg 1536w, http:\/\/s-o-c.fr\/wp-content\/uploads\/2022\/10\/OA-presentaiton-demarche-SOC-septembre-22-.021.jpeg 1920w\" sizes=\"(max-width: 1024px) 100vw, 1024px\" \/><\/figure>\n<\/div>\n<\/div>\n\n\n\n<h4 class=\"wp-block-heading has-text-align-left\"><strong>Protocoles de suivi<\/strong><\/h4>\n\n\n\n<div class=\"wp-block-columns alignwide is-layout-flex wp-container-core-columns-layout-3 wp-block-columns-is-layout-flex\">\n<div class=\"wp-block-column is-layout-flow wp-block-column-is-layout-flow\" style=\"flex-basis:50%\">\n<figure class=\"wp-block-image size-large\"><img loading=\"lazy\" decoding=\"async\" width=\"1024\" height=\"576\" src=\"http:\/\/s-o-c.fr\/wp-content\/uploads\/2022\/10\/OA-presentaiton-demarche-SOC-septembre-22-.023-1024x576.jpeg\" alt=\"\" class=\"wp-image-1970\" srcset=\"http:\/\/s-o-c.fr\/wp-content\/uploads\/2022\/10\/OA-presentaiton-demarche-SOC-septembre-22-.023-1024x576.jpeg 1024w, http:\/\/s-o-c.fr\/wp-content\/uploads\/2022\/10\/OA-presentaiton-demarche-SOC-septembre-22-.023-300x169.jpeg 300w, http:\/\/s-o-c.fr\/wp-content\/uploads\/2022\/10\/OA-presentaiton-demarche-SOC-septembre-22-.023-768x432.jpeg 768w, http:\/\/s-o-c.fr\/wp-content\/uploads\/2022\/10\/OA-presentaiton-demarche-SOC-septembre-22-.023-1536x864.jpeg 1536w, http:\/\/s-o-c.fr\/wp-content\/uploads\/2022\/10\/OA-presentaiton-demarche-SOC-septembre-22-.023.jpeg 1920w\" sizes=\"(max-width: 1024px) 100vw, 1024px\" \/><\/figure>\n<\/div>\n\n\n\n<div class=\"wp-block-column is-layout-flow wp-block-column-is-layout-flow\" style=\"flex-basis:50%\">\n<figure class=\"wp-block-image size-large\"><img loading=\"lazy\" decoding=\"async\" width=\"1024\" height=\"576\" src=\"http:\/\/s-o-c.fr\/wp-content\/uploads\/2022\/10\/OA-presentaiton-demarche-SOC-septembre-22-.024-1024x576.jpeg\" alt=\"\" class=\"wp-image-1971\" srcset=\"http:\/\/s-o-c.fr\/wp-content\/uploads\/2022\/10\/OA-presentaiton-demarche-SOC-septembre-22-.024-1024x576.jpeg 1024w, http:\/\/s-o-c.fr\/wp-content\/uploads\/2022\/10\/OA-presentaiton-demarche-SOC-septembre-22-.024-300x169.jpeg 300w, http:\/\/s-o-c.fr\/wp-content\/uploads\/2022\/10\/OA-presentaiton-demarche-SOC-septembre-22-.024-768x432.jpeg 768w, http:\/\/s-o-c.fr\/wp-content\/uploads\/2022\/10\/OA-presentaiton-demarche-SOC-septembre-22-.024-1536x864.jpeg 1536w, http:\/\/s-o-c.fr\/wp-content\/uploads\/2022\/10\/OA-presentaiton-demarche-SOC-septembre-22-.024.jpeg 1920w\" sizes=\"(max-width: 1024px) 100vw, 1024px\" \/><\/figure>\n<\/div>\n<\/div>\n\n\n\n<div class=\"wp-block-columns alignwide is-layout-flex wp-container-core-columns-layout-4 wp-block-columns-is-layout-flex\">\n<div class=\"wp-block-column is-layout-flow wp-block-column-is-layout-flow\" style=\"flex-basis:50%\">\n<figure class=\"wp-block-image size-large\"><img loading=\"lazy\" decoding=\"async\" width=\"1024\" height=\"576\" src=\"http:\/\/s-o-c.fr\/wp-content\/uploads\/2022\/10\/OA-presentaiton-demarche-SOC-septembre-22-.026-1024x576.jpeg\" alt=\"\" class=\"wp-image-1973\" srcset=\"http:\/\/s-o-c.fr\/wp-content\/uploads\/2022\/10\/OA-presentaiton-demarche-SOC-septembre-22-.026-1024x576.jpeg 1024w, http:\/\/s-o-c.fr\/wp-content\/uploads\/2022\/10\/OA-presentaiton-demarche-SOC-septembre-22-.026-300x169.jpeg 300w, http:\/\/s-o-c.fr\/wp-content\/uploads\/2022\/10\/OA-presentaiton-demarche-SOC-septembre-22-.026-768x432.jpeg 768w, http:\/\/s-o-c.fr\/wp-content\/uploads\/2022\/10\/OA-presentaiton-demarche-SOC-septembre-22-.026-1536x864.jpeg 1536w, http:\/\/s-o-c.fr\/wp-content\/uploads\/2022\/10\/OA-presentaiton-demarche-SOC-septembre-22-.026.jpeg 1920w\" sizes=\"(max-width: 1024px) 100vw, 1024px\" \/><\/figure>\n<\/div>\n\n\n\n<div class=\"wp-block-column is-layout-flow wp-block-column-is-layout-flow\" style=\"flex-basis:50%\">\n<figure class=\"wp-block-image size-large\"><img loading=\"lazy\" decoding=\"async\" width=\"1024\" height=\"576\" src=\"http:\/\/s-o-c.fr\/wp-content\/uploads\/2022\/10\/OA-presentaiton-demarche-SOC-septembre-22-.027-1024x576.jpeg\" alt=\"\" class=\"wp-image-1974\" srcset=\"http:\/\/s-o-c.fr\/wp-content\/uploads\/2022\/10\/OA-presentaiton-demarche-SOC-septembre-22-.027-1024x576.jpeg 1024w, http:\/\/s-o-c.fr\/wp-content\/uploads\/2022\/10\/OA-presentaiton-demarche-SOC-septembre-22-.027-300x169.jpeg 300w, http:\/\/s-o-c.fr\/wp-content\/uploads\/2022\/10\/OA-presentaiton-demarche-SOC-septembre-22-.027-768x432.jpeg 768w, http:\/\/s-o-c.fr\/wp-content\/uploads\/2022\/10\/OA-presentaiton-demarche-SOC-septembre-22-.027-1536x864.jpeg 1536w, http:\/\/s-o-c.fr\/wp-content\/uploads\/2022\/10\/OA-presentaiton-demarche-SOC-septembre-22-.027.jpeg 1920w\" sizes=\"(max-width: 1024px) 100vw, 1024px\" \/><\/figure>\n<\/div>\n<\/div>\n\n\n\n<div class=\"wp-block-columns alignwide is-layout-flex wp-container-core-columns-layout-5 wp-block-columns-is-layout-flex\">\n<div class=\"wp-block-column is-layout-flow wp-block-column-is-layout-flow\" style=\"flex-basis:50%\">\n<figure class=\"wp-block-image size-large\"><img loading=\"lazy\" decoding=\"async\" width=\"1024\" height=\"576\" src=\"http:\/\/s-o-c.fr\/wp-content\/uploads\/2022\/10\/OA-presentaiton-demarche-SOC-septembre-22-.029-1024x576.jpeg\" alt=\"\" class=\"wp-image-1975\" srcset=\"http:\/\/s-o-c.fr\/wp-content\/uploads\/2022\/10\/OA-presentaiton-demarche-SOC-septembre-22-.029-1024x576.jpeg 1024w, http:\/\/s-o-c.fr\/wp-content\/uploads\/2022\/10\/OA-presentaiton-demarche-SOC-septembre-22-.029-300x169.jpeg 300w, http:\/\/s-o-c.fr\/wp-content\/uploads\/2022\/10\/OA-presentaiton-demarche-SOC-septembre-22-.029-768x432.jpeg 768w, http:\/\/s-o-c.fr\/wp-content\/uploads\/2022\/10\/OA-presentaiton-demarche-SOC-septembre-22-.029-1536x864.jpeg 1536w, http:\/\/s-o-c.fr\/wp-content\/uploads\/2022\/10\/OA-presentaiton-demarche-SOC-septembre-22-.029.jpeg 1920w\" sizes=\"(max-width: 1024px) 100vw, 1024px\" \/><\/figure>\n<\/div>\n\n\n\n<div class=\"wp-block-column is-layout-flow wp-block-column-is-layout-flow\" style=\"flex-basis:50%\">\n<figure class=\"wp-block-image size-full\"><img loading=\"lazy\" decoding=\"async\" width=\"1920\" height=\"1080\" src=\"http:\/\/s-o-c.fr\/wp-content\/uploads\/2022\/10\/OA-presentaiton-demarche-SOC-septembre-22-.025.jpeg\" alt=\"\" class=\"wp-image-1972\" srcset=\"http:\/\/s-o-c.fr\/wp-content\/uploads\/2022\/10\/OA-presentaiton-demarche-SOC-septembre-22-.025.jpeg 1920w, http:\/\/s-o-c.fr\/wp-content\/uploads\/2022\/10\/OA-presentaiton-demarche-SOC-septembre-22-.025-300x169.jpeg 300w, http:\/\/s-o-c.fr\/wp-content\/uploads\/2022\/10\/OA-presentaiton-demarche-SOC-septembre-22-.025-1024x576.jpeg 1024w, http:\/\/s-o-c.fr\/wp-content\/uploads\/2022\/10\/OA-presentaiton-demarche-SOC-septembre-22-.025-768x432.jpeg 768w, http:\/\/s-o-c.fr\/wp-content\/uploads\/2022\/10\/OA-presentaiton-demarche-SOC-septembre-22-.025-1536x864.jpeg 1536w\" sizes=\"(max-width: 1920px) 100vw, 1920px\" \/><\/figure>\n<\/div>\n<\/div>\n\n\n\n<div class=\"wp-block-columns alignwide is-layout-flex wp-container-core-columns-layout-6 wp-block-columns-is-layout-flex\">\n<div class=\"wp-block-column is-layout-flow wp-block-column-is-layout-flow\" style=\"flex-basis:50%\">\n<figure class=\"wp-block-image size-large\"><img loading=\"lazy\" decoding=\"async\" width=\"1024\" height=\"576\" src=\"http:\/\/s-o-c.fr\/wp-content\/uploads\/2022\/10\/OA-presentaiton-demarche-SOC-septembre-22-.036-1024x576.jpeg\" alt=\"\" class=\"wp-image-1979\" srcset=\"http:\/\/s-o-c.fr\/wp-content\/uploads\/2022\/10\/OA-presentaiton-demarche-SOC-septembre-22-.036-1024x576.jpeg 1024w, http:\/\/s-o-c.fr\/wp-content\/uploads\/2022\/10\/OA-presentaiton-demarche-SOC-septembre-22-.036-300x169.jpeg 300w, http:\/\/s-o-c.fr\/wp-content\/uploads\/2022\/10\/OA-presentaiton-demarche-SOC-septembre-22-.036-768x432.jpeg 768w, http:\/\/s-o-c.fr\/wp-content\/uploads\/2022\/10\/OA-presentaiton-demarche-SOC-septembre-22-.036-1536x864.jpeg 1536w, http:\/\/s-o-c.fr\/wp-content\/uploads\/2022\/10\/OA-presentaiton-demarche-SOC-septembre-22-.036.jpeg 1920w\" sizes=\"(max-width: 1024px) 100vw, 1024px\" \/><\/figure>\n<\/div>\n\n\n\n<div class=\"wp-block-column is-layout-flow wp-block-column-is-layout-flow\" style=\"flex-basis:50%\">\n<figure class=\"wp-block-image size-large\"><img loading=\"lazy\" decoding=\"async\" width=\"1024\" height=\"576\" src=\"http:\/\/s-o-c.fr\/wp-content\/uploads\/2022\/10\/OA-presentaiton-demarche-SOC-septembre-22-.038-1024x576.jpeg\" alt=\"\" class=\"wp-image-1981\" srcset=\"http:\/\/s-o-c.fr\/wp-content\/uploads\/2022\/10\/OA-presentaiton-demarche-SOC-septembre-22-.038-1024x576.jpeg 1024w, http:\/\/s-o-c.fr\/wp-content\/uploads\/2022\/10\/OA-presentaiton-demarche-SOC-septembre-22-.038-300x169.jpeg 300w, http:\/\/s-o-c.fr\/wp-content\/uploads\/2022\/10\/OA-presentaiton-demarche-SOC-septembre-22-.038-768x432.jpeg 768w, http:\/\/s-o-c.fr\/wp-content\/uploads\/2022\/10\/OA-presentaiton-demarche-SOC-septembre-22-.038-1536x864.jpeg 1536w, http:\/\/s-o-c.fr\/wp-content\/uploads\/2022\/10\/OA-presentaiton-demarche-SOC-septembre-22-.038.jpeg 1920w\" sizes=\"(max-width: 1024px) 100vw, 1024px\" \/><\/figure>\n<\/div>\n<\/div>\n\n\n\n<div class=\"wp-block-columns alignwide is-layout-flex wp-container-core-columns-layout-7 wp-block-columns-is-layout-flex\">\n<div class=\"wp-block-column is-layout-flow wp-block-column-is-layout-flow\" style=\"flex-basis:50%\">\n<figure class=\"wp-block-image size-full\"><img loading=\"lazy\" decoding=\"async\" width=\"1920\" height=\"1080\" src=\"http:\/\/s-o-c.fr\/wp-content\/uploads\/2022\/10\/OA-presentaiton-demarche-SOC-septembre-22-.032.jpeg\" alt=\"\" class=\"wp-image-1977\" srcset=\"http:\/\/s-o-c.fr\/wp-content\/uploads\/2022\/10\/OA-presentaiton-demarche-SOC-septembre-22-.032.jpeg 1920w, http:\/\/s-o-c.fr\/wp-content\/uploads\/2022\/10\/OA-presentaiton-demarche-SOC-septembre-22-.032-300x169.jpeg 300w, http:\/\/s-o-c.fr\/wp-content\/uploads\/2022\/10\/OA-presentaiton-demarche-SOC-septembre-22-.032-1024x576.jpeg 1024w, http:\/\/s-o-c.fr\/wp-content\/uploads\/2022\/10\/OA-presentaiton-demarche-SOC-septembre-22-.032-768x432.jpeg 768w, http:\/\/s-o-c.fr\/wp-content\/uploads\/2022\/10\/OA-presentaiton-demarche-SOC-septembre-22-.032-1536x864.jpeg 1536w\" sizes=\"(max-width: 1920px) 100vw, 1920px\" \/><\/figure>\n<\/div>\n\n\n\n<div class=\"wp-block-column is-layout-flow wp-block-column-is-layout-flow\" style=\"flex-basis:50%\">\n<figure class=\"wp-block-image size-large\"><img loading=\"lazy\" decoding=\"async\" width=\"1024\" height=\"576\" src=\"http:\/\/s-o-c.fr\/wp-content\/uploads\/2022\/10\/OA-presentaiton-demarche-SOC-septembre-22-.037-1024x576.jpeg\" alt=\"\" class=\"wp-image-1980\" srcset=\"http:\/\/s-o-c.fr\/wp-content\/uploads\/2022\/10\/OA-presentaiton-demarche-SOC-septembre-22-.037-1024x576.jpeg 1024w, http:\/\/s-o-c.fr\/wp-content\/uploads\/2022\/10\/OA-presentaiton-demarche-SOC-septembre-22-.037-300x169.jpeg 300w, http:\/\/s-o-c.fr\/wp-content\/uploads\/2022\/10\/OA-presentaiton-demarche-SOC-septembre-22-.037-768x432.jpeg 768w, http:\/\/s-o-c.fr\/wp-content\/uploads\/2022\/10\/OA-presentaiton-demarche-SOC-septembre-22-.037-1536x864.jpeg 1536w, http:\/\/s-o-c.fr\/wp-content\/uploads\/2022\/10\/OA-presentaiton-demarche-SOC-septembre-22-.037.jpeg 1920w\" sizes=\"(max-width: 1024px) 100vw, 1024px\" \/><\/figure>\n<\/div>\n<\/div>\n\n\n\n<h4 class=\"wp-block-heading has-text-align-left\"><strong>Carte synth\u00e8se<\/strong><\/h4>\n\n\n\n<figure class=\"wp-block-image alignwide size-full\"><a href=\"http:\/\/s-o-c.fr\/wp-content\/uploads\/2022\/10\/OA-presentaiton-demarche-SOC-septembre-22-.045.jpeg\"><img loading=\"lazy\" decoding=\"async\" width=\"1920\" height=\"1080\" src=\"http:\/\/s-o-c.fr\/wp-content\/uploads\/2022\/10\/OA-presentaiton-demarche-SOC-septembre-22-.045.jpeg\" alt=\"\" class=\"wp-image-1989\" srcset=\"http:\/\/s-o-c.fr\/wp-content\/uploads\/2022\/10\/OA-presentaiton-demarche-SOC-septembre-22-.045.jpeg 1920w, http:\/\/s-o-c.fr\/wp-content\/uploads\/2022\/10\/OA-presentaiton-demarche-SOC-septembre-22-.045-300x169.jpeg 300w, http:\/\/s-o-c.fr\/wp-content\/uploads\/2022\/10\/OA-presentaiton-demarche-SOC-septembre-22-.045-1024x576.jpeg 1024w, http:\/\/s-o-c.fr\/wp-content\/uploads\/2022\/10\/OA-presentaiton-demarche-SOC-septembre-22-.045-768x432.jpeg 768w, http:\/\/s-o-c.fr\/wp-content\/uploads\/2022\/10\/OA-presentaiton-demarche-SOC-septembre-22-.045-1536x864.jpeg 1536w\" sizes=\"(max-width: 1920px) 100vw, 1920px\" \/><\/a><\/figure>\n","protected":false},"excerpt":{"rendered":"<p>Recherche-action, Fondation Luma, Arles. \u00c9quipe : SOC, Cl\u00e9mence Hall\u00e9, Bruno Latour. Sur une proposition de Martin Guinard. Se situer avant, pour s\u2019orienter ensuite. L\u2019objectif des Cahiers de Dol\u00e9ance est pour nous de visualiser et de partager les terrains de vie pour faire l\u2019exp\u00e9rience de la construction d\u2019un monde commun par la m\u00e9tamorphoses des appartenances.&nbsp;A la&hellip; <a class=\"more-link\" href=\"http:\/\/s-o-c.fr\/index.php\/ou-atterrir-a-arles\/\">Continue reading <span class=\"screen-reader-text\">O\u00f9 Atterrir \u00e0 Arles ?<\/span><\/a><\/p>\n","protected":false},"author":1,"featured_media":0,"parent":0,"menu_order":0,"comment_status":"closed","ping_status":"closed","template":"page-fullwidth.php","meta":{"footnotes":""},"_links":{"self":[{"href":"http:\/\/s-o-c.fr\/index.php\/wp-json\/wp\/v2\/pages\/1966"}],"collection":[{"href":"http:\/\/s-o-c.fr\/index.php\/wp-json\/wp\/v2\/pages"}],"about":[{"href":"http:\/\/s-o-c.fr\/index.php\/wp-json\/wp\/v2\/types\/page"}],"author":[{"embeddable":true,"href":"http:\/\/s-o-c.fr\/index.php\/wp-json\/wp\/v2\/users\/1"}],"replies":[{"embeddable":true,"href":"http:\/\/s-o-c.fr\/index.php\/wp-json\/wp\/v2\/comments?post=1966"}],"version-history":[{"count":12,"href":"http:\/\/s-o-c.fr\/index.php\/wp-json\/wp\/v2\/pages\/1966\/revisions"}],"predecessor-version":[{"id":2291,"href":"http:\/\/s-o-c.fr\/index.php\/wp-json\/wp\/v2\/pages\/1966\/revisions\/2291"}],"wp:attachment":[{"href":"http:\/\/s-o-c.fr\/index.php\/wp-json\/wp\/v2\/media?parent=1966"}],"curies":[{"name":"wp","href":"https:\/\/api.w.org\/{rel}","templated":true}]}}