{"id":1949,"date":"2022-10-06T16:24:09","date_gmt":"2022-10-06T14:24:09","guid":{"rendered":"http:\/\/s-o-c.fr\/?page_id=1949"},"modified":"2024-06-27T13:14:50","modified_gmt":"2024-06-27T11:14:50","slug":"ou-atterrir-a-ris-orangis","status":"publish","type":"page","link":"http:\/\/s-o-c.fr\/index.php\/ou-atterrir-a-ris-orangis\/","title":{"rendered":"O\u00f9 Atterrir \u00e0 Ris-Orangis"},"content":{"rendered":"\n<p class=\"has-extra-small-font-size\"><strong>Recherche-action, Ville de Ris-Orangis, Ile-de-France. \u00c9quipe : SOC, Bruno Latour, Cl\u00e9mence Hall\u00e9. Video: Fr\u00e9d\u00e9rique Vivet. Financement : Ville de Ris-Orangis<\/strong><\/p>\n\n\n\n<div class=\"wp-block-columns alignwide is-layout-flex wp-container-core-columns-layout-1 wp-block-columns-is-layout-flex\">\n<div class=\"wp-block-column is-layout-flow wp-block-column-is-layout-flow\" style=\"flex-basis:100%\">\n<p class=\"has-extra-small-font-size\">Se situer avant, pour s\u2019orienter ensuite. L\u2019objectif des Cahiers de Dol\u00e9ance est pour nous de visualiser et de partager les terrains de vie pour faire l\u2019exp\u00e9rience de la construction d\u2019un monde commun par la m\u00e9tamorphoses des appartenances.&nbsp;A la suite du projet pilote O\u00f9 Atterrir en r\u00e9gion Centre, nous d\u00e9ployons une partie de ces outils \u00e0 Ris Orangis sur une demande de la Ville et rassemblant des acteurs vari\u00e9s de la ville. La s\u00e9rie de protocoles SOC se d\u00e9roulent au cours d\u2019une s\u00e9rie d\u2019ateliers. La sc\u00e8ne apporte une dimension solennelle \u00e0 l\u2019assembl\u00e9e et les outils cartographiques se d\u00e9ploient dans l\u2019espace.<\/p>\n<\/div>\n<\/div>\n\n\n\n<figure class=\"wp-block-image alignwide size-large\"><img loading=\"lazy\" decoding=\"async\" width=\"1024\" height=\"576\" src=\"http:\/\/s-o-c.fr\/wp-content\/uploads\/2022\/10\/OA-presentaiton-demarche-SOC-septembre-22-.004-1024x576.jpeg\" alt=\"\" class=\"wp-image-1950\" srcset=\"http:\/\/s-o-c.fr\/wp-content\/uploads\/2022\/10\/OA-presentaiton-demarche-SOC-septembre-22-.004-1024x576.jpeg 1024w, http:\/\/s-o-c.fr\/wp-content\/uploads\/2022\/10\/OA-presentaiton-demarche-SOC-septembre-22-.004-300x169.jpeg 300w, http:\/\/s-o-c.fr\/wp-content\/uploads\/2022\/10\/OA-presentaiton-demarche-SOC-septembre-22-.004-768x432.jpeg 768w, http:\/\/s-o-c.fr\/wp-content\/uploads\/2022\/10\/OA-presentaiton-demarche-SOC-septembre-22-.004-1536x864.jpeg 1536w, http:\/\/s-o-c.fr\/wp-content\/uploads\/2022\/10\/OA-presentaiton-demarche-SOC-septembre-22-.004.jpeg 1920w\" sizes=\"(max-width: 1024px) 100vw, 1024px\" \/><\/figure>\n\n\n\n<h4 class=\"wp-block-heading has-text-align-left\"><strong>Protocoles de suivi<\/strong><\/h4>\n\n\n\n<div class=\"wp-block-columns alignwide is-layout-flex wp-container-core-columns-layout-2 wp-block-columns-is-layout-flex\">\n<div class=\"wp-block-column is-layout-flow wp-block-column-is-layout-flow\" style=\"flex-basis:50%\">\n<figure class=\"wp-block-image size-large\"><img loading=\"lazy\" decoding=\"async\" width=\"1024\" height=\"576\" src=\"http:\/\/s-o-c.fr\/wp-content\/uploads\/2022\/10\/OA-presentaiton-demarche-SOC-septembre-22-.005-1024x576.jpeg\" alt=\"\" class=\"wp-image-1951\" srcset=\"http:\/\/s-o-c.fr\/wp-content\/uploads\/2022\/10\/OA-presentaiton-demarche-SOC-septembre-22-.005-1024x576.jpeg 1024w, http:\/\/s-o-c.fr\/wp-content\/uploads\/2022\/10\/OA-presentaiton-demarche-SOC-septembre-22-.005-300x169.jpeg 300w, http:\/\/s-o-c.fr\/wp-content\/uploads\/2022\/10\/OA-presentaiton-demarche-SOC-septembre-22-.005-768x432.jpeg 768w, http:\/\/s-o-c.fr\/wp-content\/uploads\/2022\/10\/OA-presentaiton-demarche-SOC-septembre-22-.005-1536x864.jpeg 1536w, http:\/\/s-o-c.fr\/wp-content\/uploads\/2022\/10\/OA-presentaiton-demarche-SOC-septembre-22-.005.jpeg 1920w\" sizes=\"(max-width: 1024px) 100vw, 1024px\" \/><\/figure>\n<\/div>\n\n\n\n<div class=\"wp-block-column is-layout-flow wp-block-column-is-layout-flow\" style=\"flex-basis:50%\">\n<figure class=\"wp-block-image size-large\"><img loading=\"lazy\" decoding=\"async\" width=\"1024\" height=\"576\" src=\"http:\/\/s-o-c.fr\/wp-content\/uploads\/2022\/10\/OA-presentaiton-demarche-SOC-septembre-22-.008-1024x576.jpeg\" alt=\"\" class=\"wp-image-1953\" srcset=\"http:\/\/s-o-c.fr\/wp-content\/uploads\/2022\/10\/OA-presentaiton-demarche-SOC-septembre-22-.008-1024x576.jpeg 1024w, http:\/\/s-o-c.fr\/wp-content\/uploads\/2022\/10\/OA-presentaiton-demarche-SOC-septembre-22-.008-300x169.jpeg 300w, http:\/\/s-o-c.fr\/wp-content\/uploads\/2022\/10\/OA-presentaiton-demarche-SOC-septembre-22-.008-768x432.jpeg 768w, http:\/\/s-o-c.fr\/wp-content\/uploads\/2022\/10\/OA-presentaiton-demarche-SOC-septembre-22-.008-1536x864.jpeg 1536w, http:\/\/s-o-c.fr\/wp-content\/uploads\/2022\/10\/OA-presentaiton-demarche-SOC-septembre-22-.008.jpeg 1920w\" sizes=\"(max-width: 1024px) 100vw, 1024px\" \/><\/figure>\n<\/div>\n<\/div>\n\n\n\n<div class=\"wp-block-columns alignwide is-layout-flex wp-container-core-columns-layout-3 wp-block-columns-is-layout-flex\">\n<div class=\"wp-block-column is-layout-flow wp-block-column-is-layout-flow\" style=\"flex-basis:50%\">\n<figure class=\"wp-block-image size-large\"><img loading=\"lazy\" decoding=\"async\" width=\"1024\" height=\"576\" src=\"http:\/\/s-o-c.fr\/wp-content\/uploads\/2022\/10\/OA-presentaiton-demarche-SOC-septembre-22-.009-1024x576.jpeg\" alt=\"\" class=\"wp-image-1954\" srcset=\"http:\/\/s-o-c.fr\/wp-content\/uploads\/2022\/10\/OA-presentaiton-demarche-SOC-septembre-22-.009-1024x576.jpeg 1024w, http:\/\/s-o-c.fr\/wp-content\/uploads\/2022\/10\/OA-presentaiton-demarche-SOC-septembre-22-.009-300x169.jpeg 300w, http:\/\/s-o-c.fr\/wp-content\/uploads\/2022\/10\/OA-presentaiton-demarche-SOC-septembre-22-.009-768x432.jpeg 768w, http:\/\/s-o-c.fr\/wp-content\/uploads\/2022\/10\/OA-presentaiton-demarche-SOC-septembre-22-.009-1536x864.jpeg 1536w, http:\/\/s-o-c.fr\/wp-content\/uploads\/2022\/10\/OA-presentaiton-demarche-SOC-septembre-22-.009.jpeg 1920w\" sizes=\"(max-width: 1024px) 100vw, 1024px\" \/><\/figure>\n<\/div>\n\n\n\n<div class=\"wp-block-column is-layout-flow wp-block-column-is-layout-flow\" style=\"flex-basis:50%\">\n<figure class=\"wp-block-image size-large\"><img loading=\"lazy\" decoding=\"async\" width=\"1024\" height=\"576\" src=\"http:\/\/s-o-c.fr\/wp-content\/uploads\/2022\/10\/OA-presentaiton-demarche-SOC-septembre-22-.010-1024x576.jpeg\" alt=\"\" class=\"wp-image-1955\" srcset=\"http:\/\/s-o-c.fr\/wp-content\/uploads\/2022\/10\/OA-presentaiton-demarche-SOC-septembre-22-.010-1024x576.jpeg 1024w, http:\/\/s-o-c.fr\/wp-content\/uploads\/2022\/10\/OA-presentaiton-demarche-SOC-septembre-22-.010-300x169.jpeg 300w, http:\/\/s-o-c.fr\/wp-content\/uploads\/2022\/10\/OA-presentaiton-demarche-SOC-septembre-22-.010-768x432.jpeg 768w, http:\/\/s-o-c.fr\/wp-content\/uploads\/2022\/10\/OA-presentaiton-demarche-SOC-septembre-22-.010-1536x864.jpeg 1536w, http:\/\/s-o-c.fr\/wp-content\/uploads\/2022\/10\/OA-presentaiton-demarche-SOC-septembre-22-.010.jpeg 1920w\" sizes=\"(max-width: 1024px) 100vw, 1024px\" \/><\/figure>\n<\/div>\n<\/div>\n\n\n\n<div class=\"wp-block-columns alignwide is-layout-flex wp-container-core-columns-layout-4 wp-block-columns-is-layout-flex\">\n<div class=\"wp-block-column is-layout-flow wp-block-column-is-layout-flow\" style=\"flex-basis:50%\">\n<figure class=\"wp-block-image size-large\"><img loading=\"lazy\" decoding=\"async\" width=\"1024\" height=\"576\" src=\"http:\/\/s-o-c.fr\/wp-content\/uploads\/2022\/10\/OA-presentaiton-demarche-SOC-septembre-22-.011-1024x576.jpeg\" alt=\"\" class=\"wp-image-1956\" srcset=\"http:\/\/s-o-c.fr\/wp-content\/uploads\/2022\/10\/OA-presentaiton-demarche-SOC-septembre-22-.011-1024x576.jpeg 1024w, http:\/\/s-o-c.fr\/wp-content\/uploads\/2022\/10\/OA-presentaiton-demarche-SOC-septembre-22-.011-300x169.jpeg 300w, http:\/\/s-o-c.fr\/wp-content\/uploads\/2022\/10\/OA-presentaiton-demarche-SOC-septembre-22-.011-768x432.jpeg 768w, http:\/\/s-o-c.fr\/wp-content\/uploads\/2022\/10\/OA-presentaiton-demarche-SOC-septembre-22-.011-1536x864.jpeg 1536w, http:\/\/s-o-c.fr\/wp-content\/uploads\/2022\/10\/OA-presentaiton-demarche-SOC-septembre-22-.011.jpeg 1920w\" sizes=\"(max-width: 1024px) 100vw, 1024px\" \/><\/figure>\n<\/div>\n\n\n\n<div class=\"wp-block-column is-layout-flow wp-block-column-is-layout-flow\" style=\"flex-basis:50%\">\n<figure class=\"wp-block-image size-large\"><img loading=\"lazy\" decoding=\"async\" width=\"1024\" height=\"576\" src=\"http:\/\/s-o-c.fr\/wp-content\/uploads\/2022\/10\/OA-presentaiton-demarche-SOC-septembre-22-.012-1024x576.jpeg\" alt=\"\" class=\"wp-image-1957\" srcset=\"http:\/\/s-o-c.fr\/wp-content\/uploads\/2022\/10\/OA-presentaiton-demarche-SOC-septembre-22-.012-1024x576.jpeg 1024w, http:\/\/s-o-c.fr\/wp-content\/uploads\/2022\/10\/OA-presentaiton-demarche-SOC-septembre-22-.012-300x169.jpeg 300w, http:\/\/s-o-c.fr\/wp-content\/uploads\/2022\/10\/OA-presentaiton-demarche-SOC-septembre-22-.012-768x432.jpeg 768w, http:\/\/s-o-c.fr\/wp-content\/uploads\/2022\/10\/OA-presentaiton-demarche-SOC-septembre-22-.012-1536x864.jpeg 1536w, http:\/\/s-o-c.fr\/wp-content\/uploads\/2022\/10\/OA-presentaiton-demarche-SOC-septembre-22-.012.jpeg 1920w\" sizes=\"(max-width: 1024px) 100vw, 1024px\" \/><\/figure>\n<\/div>\n<\/div>\n\n\n\n<div class=\"wp-block-columns alignwide is-layout-flex wp-container-core-columns-layout-5 wp-block-columns-is-layout-flex\">\n<div class=\"wp-block-column is-layout-flow wp-block-column-is-layout-flow\" style=\"flex-basis:50%\">\n<figure class=\"wp-block-image size-large\"><img loading=\"lazy\" decoding=\"async\" width=\"1024\" height=\"576\" src=\"http:\/\/s-o-c.fr\/wp-content\/uploads\/2022\/10\/OA-presentaiton-demarche-SOC-septembre-22-.014-1024x576.jpeg\" alt=\"\" class=\"wp-image-1959\" srcset=\"http:\/\/s-o-c.fr\/wp-content\/uploads\/2022\/10\/OA-presentaiton-demarche-SOC-septembre-22-.014-1024x576.jpeg 1024w, http:\/\/s-o-c.fr\/wp-content\/uploads\/2022\/10\/OA-presentaiton-demarche-SOC-septembre-22-.014-300x169.jpeg 300w, http:\/\/s-o-c.fr\/wp-content\/uploads\/2022\/10\/OA-presentaiton-demarche-SOC-septembre-22-.014-768x432.jpeg 768w, http:\/\/s-o-c.fr\/wp-content\/uploads\/2022\/10\/OA-presentaiton-demarche-SOC-septembre-22-.014-1536x864.jpeg 1536w, http:\/\/s-o-c.fr\/wp-content\/uploads\/2022\/10\/OA-presentaiton-demarche-SOC-septembre-22-.014.jpeg 1920w\" sizes=\"(max-width: 1024px) 100vw, 1024px\" \/><\/figure>\n<\/div>\n\n\n\n<div class=\"wp-block-column is-layout-flow wp-block-column-is-layout-flow\" style=\"flex-basis:50%\">\n<figure class=\"wp-block-image size-large\"><img loading=\"lazy\" decoding=\"async\" width=\"1024\" height=\"576\" src=\"http:\/\/s-o-c.fr\/wp-content\/uploads\/2022\/10\/OA-presentaiton-demarche-SOC-septembre-22-.015-1024x576.jpeg\" alt=\"\" class=\"wp-image-1960\" srcset=\"http:\/\/s-o-c.fr\/wp-content\/uploads\/2022\/10\/OA-presentaiton-demarche-SOC-septembre-22-.015-1024x576.jpeg 1024w, http:\/\/s-o-c.fr\/wp-content\/uploads\/2022\/10\/OA-presentaiton-demarche-SOC-septembre-22-.015-300x169.jpeg 300w, http:\/\/s-o-c.fr\/wp-content\/uploads\/2022\/10\/OA-presentaiton-demarche-SOC-septembre-22-.015-768x432.jpeg 768w, http:\/\/s-o-c.fr\/wp-content\/uploads\/2022\/10\/OA-presentaiton-demarche-SOC-septembre-22-.015-1536x864.jpeg 1536w, http:\/\/s-o-c.fr\/wp-content\/uploads\/2022\/10\/OA-presentaiton-demarche-SOC-septembre-22-.015.jpeg 1920w\" sizes=\"(max-width: 1024px) 100vw, 1024px\" \/><\/figure>\n<\/div>\n<\/div>\n\n\n\n<h4 class=\"wp-block-heading has-text-align-left\"><strong>Dol\u00e9ances<\/strong> (en cours)<\/h4>\n\n\n\n<div class=\"wp-block-columns alignwide is-layout-flex wp-container-core-columns-layout-6 wp-block-columns-is-layout-flex\">\n<div class=\"wp-block-column is-layout-flow wp-block-column-is-layout-flow\" style=\"flex-basis:50%\">\n<figure class=\"wp-block-image size-large\"><img loading=\"lazy\" decoding=\"async\" width=\"1024\" height=\"576\" src=\"http:\/\/s-o-c.fr\/wp-content\/uploads\/2022\/10\/OA-presentaiton-demarche-SOC-septembre-22-.016-1024x576.jpeg\" alt=\"\" class=\"wp-image-1961\" srcset=\"http:\/\/s-o-c.fr\/wp-content\/uploads\/2022\/10\/OA-presentaiton-demarche-SOC-septembre-22-.016-1024x576.jpeg 1024w, http:\/\/s-o-c.fr\/wp-content\/uploads\/2022\/10\/OA-presentaiton-demarche-SOC-septembre-22-.016-300x169.jpeg 300w, http:\/\/s-o-c.fr\/wp-content\/uploads\/2022\/10\/OA-presentaiton-demarche-SOC-septembre-22-.016-768x432.jpeg 768w, http:\/\/s-o-c.fr\/wp-content\/uploads\/2022\/10\/OA-presentaiton-demarche-SOC-septembre-22-.016-1536x864.jpeg 1536w, http:\/\/s-o-c.fr\/wp-content\/uploads\/2022\/10\/OA-presentaiton-demarche-SOC-septembre-22-.016.jpeg 1920w\" sizes=\"(max-width: 1024px) 100vw, 1024px\" \/><\/figure>\n<\/div>\n\n\n\n<div class=\"wp-block-column is-layout-flow wp-block-column-is-layout-flow\" style=\"flex-basis:50%\">\n<figure class=\"wp-block-image size-large\"><img loading=\"lazy\" decoding=\"async\" width=\"1024\" height=\"576\" src=\"http:\/\/s-o-c.fr\/wp-content\/uploads\/2022\/10\/OA-presentaiton-demarche-SOC-septembre-22-.013-1024x576.jpeg\" alt=\"\" class=\"wp-image-1958\" srcset=\"http:\/\/s-o-c.fr\/wp-content\/uploads\/2022\/10\/OA-presentaiton-demarche-SOC-septembre-22-.013-1024x576.jpeg 1024w, http:\/\/s-o-c.fr\/wp-content\/uploads\/2022\/10\/OA-presentaiton-demarche-SOC-septembre-22-.013-300x169.jpeg 300w, http:\/\/s-o-c.fr\/wp-content\/uploads\/2022\/10\/OA-presentaiton-demarche-SOC-septembre-22-.013-768x432.jpeg 768w, http:\/\/s-o-c.fr\/wp-content\/uploads\/2022\/10\/OA-presentaiton-demarche-SOC-septembre-22-.013-1536x864.jpeg 1536w, http:\/\/s-o-c.fr\/wp-content\/uploads\/2022\/10\/OA-presentaiton-demarche-SOC-septembre-22-.013.jpeg 1920w\" sizes=\"(max-width: 1024px) 100vw, 1024px\" \/><\/figure>\n<\/div>\n<\/div>\n\n\n\n<figure class=\"wp-block-image alignwide size-full\"><img loading=\"lazy\" decoding=\"async\" width=\"4948\" height=\"3299\" src=\"http:\/\/s-o-c.fr\/wp-content\/uploads\/2023\/06\/RO_doelance_Jardins-edited.png\" alt=\"\" class=\"wp-image-2241\" srcset=\"http:\/\/s-o-c.fr\/wp-content\/uploads\/2023\/06\/RO_doelance_Jardins-edited.png 4948w, http:\/\/s-o-c.fr\/wp-content\/uploads\/2023\/06\/RO_doelance_Jardins-edited-300x200.png 300w, http:\/\/s-o-c.fr\/wp-content\/uploads\/2023\/06\/RO_doelance_Jardins-edited-1024x683.png 1024w, http:\/\/s-o-c.fr\/wp-content\/uploads\/2023\/06\/RO_doelance_Jardins-edited-768x512.png 768w, http:\/\/s-o-c.fr\/wp-content\/uploads\/2023\/06\/RO_doelance_Jardins-edited-1536x1024.png 1536w, http:\/\/s-o-c.fr\/wp-content\/uploads\/2023\/06\/RO_doelance_Jardins-edited-2048x1365.png 2048w, http:\/\/s-o-c.fr\/wp-content\/uploads\/2023\/06\/RO_doelance_Jardins-edited-1568x1045.png 1568w\" sizes=\"(max-width: 4948px) 100vw, 4948px\" \/><figcaption class=\"wp-element-caption\">Dol\u00e9ance des jardins familiaux<\/figcaption><\/figure>\n\n\n\n<figure class=\"wp-block-image alignfull size-full\"><img decoding=\"async\" src=\"http:\/\/s-o-c.fr\/wp-content\/uploads\/2023\/06\/Fresque-des-doleances2.jpg\" alt=\"\" class=\"wp-image-2234\"\/><figcaption class=\"wp-element-caption\">Le laboratoire des dol\u00e9ances <\/figcaption><\/figure>\n\n\n","protected":false},"excerpt":{"rendered":"<p>Recherche-action, Ville de Ris-Orangis, Ile-de-France. \u00c9quipe : SOC, Bruno Latour, Cl\u00e9mence Hall\u00e9. Video: Fr\u00e9d\u00e9rique Vivet. Financement : Ville de Ris-Orangis Se situer avant, pour s\u2019orienter ensuite. L\u2019objectif des Cahiers de Dol\u00e9ance est pour nous de visualiser et de partager les terrains de vie pour faire l\u2019exp\u00e9rience de la construction d\u2019un monde commun par la m\u00e9tamorphoses&hellip; <a class=\"more-link\" href=\"http:\/\/s-o-c.fr\/index.php\/ou-atterrir-a-ris-orangis\/\">Continue reading <span class=\"screen-reader-text\">O\u00f9 Atterrir \u00e0 Ris-Orangis<\/span><\/a><\/p>\n","protected":false},"author":1,"featured_media":0,"parent":0,"menu_order":0,"comment_status":"closed","ping_status":"closed","template":"page-fullwidth.php","meta":{"footnotes":""},"_links":{"self":[{"href":"http:\/\/s-o-c.fr\/index.php\/wp-json\/wp\/v2\/pages\/1949"}],"collection":[{"href":"http:\/\/s-o-c.fr\/index.php\/wp-json\/wp\/v2\/pages"}],"about":[{"href":"http:\/\/s-o-c.fr\/index.php\/wp-json\/wp\/v2\/types\/page"}],"author":[{"embeddable":true,"href":"http:\/\/s-o-c.fr\/index.php\/wp-json\/wp\/v2\/users\/1"}],"replies":[{"embeddable":true,"href":"http:\/\/s-o-c.fr\/index.php\/wp-json\/wp\/v2\/comments?post=1949"}],"version-history":[{"count":10,"href":"http:\/\/s-o-c.fr\/index.php\/wp-json\/wp\/v2\/pages\/1949\/revisions"}],"predecessor-version":[{"id":2290,"href":"http:\/\/s-o-c.fr\/index.php\/wp-json\/wp\/v2\/pages\/1949\/revisions\/2290"}],"wp:attachment":[{"href":"http:\/\/s-o-c.fr\/index.php\/wp-json\/wp\/v2\/media?parent=1949"}],"curies":[{"name":"wp","href":"https:\/\/api.w.org\/{rel}","templated":true}]}}