{"id":164,"date":"2017-05-28T12:23:02","date_gmt":"2017-05-28T10:23:02","guid":{"rendered":"http:\/\/s-o-c.fr\/?page_id=164"},"modified":"2023-01-30T11:06:06","modified_gmt":"2023-01-30T10:06:06","slug":"ile-de-la-nantes","status":"publish","type":"page","link":"http:\/\/s-o-c.fr\/index.php\/ufo\/ile-de-la-nantes\/","title":{"rendered":"G\u00e9or\u00e9cit de l&#8217;Ile de Nantes"},"content":{"rendered":"\n<h6 class=\"has-text-align-left wp-block-heading\">Carte des g\u00e9or\u00e9cits de l&#8217;\u00eele de Nantes &#8211;&nbsp;Consultation pour BASE paysagistes, candidature Plan Guide de l&#8217;\u00eele de Nantes, 2016<\/h6>\n\n\n\n<figure class=\"wp-block-image alignwide size-full\"><img loading=\"lazy\" decoding=\"async\" width=\"5433\" height=\"3950\" src=\"http:\/\/s-o-c.fr\/wp-content\/uploads\/2017\/05\/IDN_georecits-II-01.jpg\" alt=\"\" class=\"wp-image-157\" srcset=\"http:\/\/s-o-c.fr\/wp-content\/uploads\/2017\/05\/IDN_georecits-II-01.jpg 5433w, http:\/\/s-o-c.fr\/wp-content\/uploads\/2017\/05\/IDN_georecits-II-01-300x218.jpg 300w, http:\/\/s-o-c.fr\/wp-content\/uploads\/2017\/05\/IDN_georecits-II-01-768x558.jpg 768w, http:\/\/s-o-c.fr\/wp-content\/uploads\/2017\/05\/IDN_georecits-II-01-1024x744.jpg 1024w\" sizes=\"(max-width: 5433px) 100vw, 5433px\" \/><figcaption class=\"wp-element-caption\"><em>\u00a9AlexandraAr\u00e8nes<\/em><\/figcaption><\/figure>\n\n\n\n<p class=\"has-text-align-center\"><\/p>\n\n\n\n<p><\/p>\n","protected":false},"excerpt":{"rendered":"<p>Carte des g\u00e9or\u00e9cits de l&#8217;\u00eele de Nantes &#8211;&nbsp;Consultation pour BASE paysagistes, candidature Plan Guide de l&#8217;\u00eele de Nantes, 2016<\/p>\n","protected":false},"author":1,"featured_media":0,"parent":113,"menu_order":2,"comment_status":"closed","ping_status":"closed","template":"","meta":{"footnotes":""},"_links":{"self":[{"href":"http:\/\/s-o-c.fr\/index.php\/wp-json\/wp\/v2\/pages\/164"}],"collection":[{"href":"http:\/\/s-o-c.fr\/index.php\/wp-json\/wp\/v2\/pages"}],"about":[{"href":"http:\/\/s-o-c.fr\/index.php\/wp-json\/wp\/v2\/types\/page"}],"author":[{"embeddable":true,"href":"http:\/\/s-o-c.fr\/index.php\/wp-json\/wp\/v2\/users\/1"}],"replies":[{"embeddable":true,"href":"http:\/\/s-o-c.fr\/index.php\/wp-json\/wp\/v2\/comments?post=164"}],"version-history":[{"count":6,"href":"http:\/\/s-o-c.fr\/index.php\/wp-json\/wp\/v2\/pages\/164\/revisions"}],"predecessor-version":[{"id":2195,"href":"http:\/\/s-o-c.fr\/index.php\/wp-json\/wp\/v2\/pages\/164\/revisions\/2195"}],"up":[{"embeddable":true,"href":"http:\/\/s-o-c.fr\/index.php\/wp-json\/wp\/v2\/pages\/113"}],"wp:attachment":[{"href":"http:\/\/s-o-c.fr\/index.php\/wp-json\/wp\/v2\/media?parent=164"}],"curies":[{"name":"wp","href":"https:\/\/api.w.org\/{rel}","templated":true}]}}