{"id":1607,"date":"2021-01-11T10:30:14","date_gmt":"2021-01-11T09:30:14","guid":{"rendered":"http:\/\/s-o-c.fr\/?page_id=1607"},"modified":"2024-06-27T13:32:39","modified_gmt":"2024-06-27T11:32:39","slug":"2021-2","status":"publish","type":"page","link":"http:\/\/s-o-c.fr\/","title":{"rendered":"SOC"},"content":{"rendered":"\n<div class=\"wp-block-columns is-layout-flex wp-container-core-columns-layout-1 wp-block-columns-is-layout-flex\">\n<div class=\"wp-block-column is-layout-flow wp-block-column-is-layout-flow\"><\/div>\n\n\n\n<div class=\"wp-block-column is-layout-flow wp-block-column-is-layout-flow\"><\/div>\n\n\n\n<div class=\"wp-block-column is-layout-flow wp-block-column-is-layout-flow\"><\/div>\n<\/div>\n\n\n\n<p class=\"has-text-align-left\">SOC \u2013 Soci\u00e9t\u00e9 d&#8217;Objets Cartographiques &#8211; art et sciences. <\/p>\n\n\n\n<p class=\"has-text-align-left\">Nous mettons en place des outils et des protocoles afin d\u2019exp\u00e9rimenter collectivement de nouvelles constructions et images pour nous \u00e9quiper face \u00e0 l\u2019Anthropoc\u00e8ne.<\/p>\n\n\n\n<p>Enqu\u00eates<\/p>\n\n\n\n<blockquote class=\"wp-block-quote\">\n<p class=\"has-extra-small-font-size\">Une enqu\u00eate ne vise pas tant \u00e0 d\u00e9crire une exp\u00e9rience mais \u00e0 la faire exister. A ce titre, toute enqu\u00eate est d\u2019abord et avant tout une exp\u00e9rimentation : elle assume de modifier ce qu\u2019elle se donne comme objet \u00e0 \u00e9tudier. Il ne s\u2019agit donc pas de d\u00e9crire, \u00e0 froid ou \u00e0 distance, une r\u00e9alit\u00e9 qui pr\u00e9existerait \u00e0 la description, mais d\u2019accompagner un probl\u00e8me, une exp\u00e9rience que vivent des personnes ou des collectifs, et de donner \u00e0 ce probl\u00e8me ou \u00e0 cette exp\u00e9rience une existence collective. Ce qui veut dire que toute enqu\u00eate se fait toujours sur le mode de la \u2018reprise\u2019 : il s\u2019agit de se ressaisir du probl\u00e8me, de lui donner plus de consistance, d\u2019ajouter de l\u2019int\u00e9r\u00eat par rapport \u00e0 cette situation ou \u00e0 ce probl\u00e8me transform\u00e9 en exp\u00e9rience partag\u00e9e. <\/p>\n<cite>Vincianne Despret<\/cite><\/blockquote>\n\n\n\n<div class=\"wp-block-columns is-layout-flex wp-container-core-columns-layout-2 wp-block-columns-is-layout-flex\">\n<div class=\"wp-block-column is-layout-flow wp-block-column-is-layout-flow\">\n<div class=\"wp-block-buttons is-content-justification-space-between is-layout-flex wp-container-core-buttons-layout-1 wp-block-buttons-is-layout-flex\">\n<div class=\"wp-block-button\"><a class=\"wp-block-button__link wp-element-button\" href=\"http:\/\/www.shaa.io\" target=\"_blank\" rel=\"noreferrer noopener\">SHA\u0100<\/a><\/div>\n<\/div>\n<\/div>\n\n\n\n<div class=\"wp-block-column is-layout-flow wp-block-column-is-layout-flow\">\n<p class=\"has-extra-small-font-size\">SOC est adoss\u00e9 \u00e0 SHAA, atelier d&#8217;architecture, d&#8217;urbanisme et de recherche sur les transformations de l\u2019environnement.<\/p>\n<\/div>\n<\/div>\n","protected":false},"excerpt":{"rendered":"<p>SOC \u2013 Soci\u00e9t\u00e9 d&#8217;Objets Cartographiques &#8211; art et sciences. Nous mettons en place des outils et des protocoles afin d\u2019exp\u00e9rimenter collectivement de nouvelles constructions et images pour nous \u00e9quiper face \u00e0 l\u2019Anthropoc\u00e8ne. Enqu\u00eates Une enqu\u00eate ne vise pas tant \u00e0 d\u00e9crire une exp\u00e9rience mais \u00e0 la faire exister. A ce titre, toute enqu\u00eate est d\u2019abord&hellip; <a class=\"more-link\" href=\"http:\/\/s-o-c.fr\/\">Continue reading <span class=\"screen-reader-text\">SOC<\/span><\/a><\/p>\n","protected":false},"author":1,"featured_media":0,"parent":0,"menu_order":0,"comment_status":"closed","ping_status":"closed","template":"","meta":{"footnotes":""},"_links":{"self":[{"href":"http:\/\/s-o-c.fr\/index.php\/wp-json\/wp\/v2\/pages\/1607"}],"collection":[{"href":"http:\/\/s-o-c.fr\/index.php\/wp-json\/wp\/v2\/pages"}],"about":[{"href":"http:\/\/s-o-c.fr\/index.php\/wp-json\/wp\/v2\/types\/page"}],"author":[{"embeddable":true,"href":"http:\/\/s-o-c.fr\/index.php\/wp-json\/wp\/v2\/users\/1"}],"replies":[{"embeddable":true,"href":"http:\/\/s-o-c.fr\/index.php\/wp-json\/wp\/v2\/comments?post=1607"}],"version-history":[{"count":21,"href":"http:\/\/s-o-c.fr\/index.php\/wp-json\/wp\/v2\/pages\/1607\/revisions"}],"predecessor-version":[{"id":2308,"href":"http:\/\/s-o-c.fr\/index.php\/wp-json\/wp\/v2\/pages\/1607\/revisions\/2308"}],"wp:attachment":[{"href":"http:\/\/s-o-c.fr\/index.php\/wp-json\/wp\/v2\/media?parent=1607"}],"curies":[{"name":"wp","href":"https:\/\/api.w.org\/{rel}","templated":true}]}}