{"id":158,"date":"2017-05-28T12:17:23","date_gmt":"2017-05-28T10:17:23","guid":{"rendered":"http:\/\/s-o-c.fr\/?page_id=158"},"modified":"2023-01-30T11:04:53","modified_gmt":"2023-01-30T10:04:53","slug":"shiraz","status":"publish","type":"page","link":"http:\/\/s-o-c.fr\/index.php\/ufo\/shiraz\/","title":{"rendered":"Shiraz, Iran"},"content":{"rendered":"\n<h4 class=\"has-text-align-left wp-block-heading\"><strong>Travel Map of Shiraz, Iran<\/strong><\/h4>\n\n\n\n<p class=\"has-text-align-left has-extra-small-font-size\">Soheil Hajmirbaba, Charles Daubas, Alexandra Ar\u00e8nes<\/p>\n\n\n\n<p class=\"has-text-align-left has-extra-small-font-size\">Concours international \u00e0 Shiraz, Iran, projet Laur\u00e9at, 2015<\/p>\n\n\n\n<p><strong>MAIN APPROACH<\/strong><\/p>\n\n\n\n<p class=\"has-extra-small-font-size\">Our objective is to develop a project on the site that would&nbsp;express the different features of Shiraz history, geography,&nbsp;topography, traditions, arts, crafts and uses. The site is&nbsp;therefore considered as a \u00abcondenser\u00bb of these features,&nbsp;expressing through a major urban heart gathering public&nbsp;programs and collective spaces. It is aimed to become&nbsp;a major place of gathering for tourists and inhabitants,&nbsp;expressing Shiraz modernity and tradition, through culture,&nbsp;arts, exchange, markets and leisure.<\/p>\n\n\n\n<p><strong>HISTORY AND MODERNITY IN IRAN: THE MYTH OF&nbsp;<\/strong><strong>SIMORGHS<\/strong><\/p>\n\n\n\n<p class=\"has-extra-small-font-size\">Our project is about building up a modern identity, but not a&nbsp;fake or imported one. It is about designing an identity which&nbsp;is the combination of many features in order to reflect the&nbsp;modern face of Shiraz and Iran, open to the world but faithful&nbsp;to its roots.&nbsp;For this, we borrow the story of Simorgh, which is a story&nbsp;about the search and the discovering of a collective identity.&nbsp;In this story, 33 birds, each one with its own characteristics,&nbsp;are looking for their king. At the end, the realize that they are&nbsp;all a part of what they are looking for, each one bringing a&nbsp;piece of what describes the whole.&nbsp;The project we propose is exactly the same: describing Shiraz&nbsp;through the conjunction of all the features that compose it.&nbsp;Therefore, the idea of the project is to show how the entire&nbsp;Shiraz can gather and sum up in the site.&nbsp;We identified 33 specific characters that all combined express&nbsp;for us Shiraz and Iran specific identity through past, present&nbsp;and future. All those are specific stories, taking roots outside&nbsp;the site and gathering inside it, dealing with history, nature,&nbsp;geography, traditions, economy, culture, urban and collective&nbsp;uses.<\/p>\n\n\n\n<figure class=\"wp-block-image alignwide size-full\"><a href=\"http:\/\/s-o-c.fr\/wp-content\/uploads\/2017\/05\/shiraz.jpg\"><img loading=\"lazy\" decoding=\"async\" width=\"7874\" height=\"8268\" src=\"http:\/\/s-o-c.fr\/wp-content\/uploads\/2017\/05\/shiraz.jpg\" alt=\"\" class=\"wp-image-156\" srcset=\"http:\/\/s-o-c.fr\/wp-content\/uploads\/2017\/05\/shiraz.jpg 7874w, http:\/\/s-o-c.fr\/wp-content\/uploads\/2017\/05\/shiraz-286x300.jpg 286w, http:\/\/s-o-c.fr\/wp-content\/uploads\/2017\/05\/shiraz-768x806.jpg 768w, http:\/\/s-o-c.fr\/wp-content\/uploads\/2017\/05\/shiraz-975x1024.jpg 975w\" sizes=\"(max-width: 7874px) 100vw, 7874px\" \/><\/a><figcaption class=\"wp-element-caption\"><em>\u00a9AlexandraAr\u00e8nes, CharlesDaubas, SoheilHajmirbaba<\/em><\/figcaption><\/figure>\n\n\n\n<p><\/p>\n","protected":false},"excerpt":{"rendered":"<p>Travel Map of Shiraz, Iran Soheil Hajmirbaba, Charles Daubas, Alexandra Ar\u00e8nes Concours international \u00e0 Shiraz, Iran, projet Laur\u00e9at, 2015 MAIN APPROACH Our objective is to develop a project on the site that would&nbsp;express the different features of Shiraz history, geography,&nbsp;topography, traditions, arts, crafts and uses. The site is&nbsp;therefore considered as a \u00abcondenser\u00bb of these features,&nbsp;expressing&hellip; <a class=\"more-link\" href=\"http:\/\/s-o-c.fr\/index.php\/ufo\/shiraz\/\">Continue reading <span class=\"screen-reader-text\">Shiraz, Iran<\/span><\/a><\/p>\n","protected":false},"author":1,"featured_media":0,"parent":113,"menu_order":1,"comment_status":"closed","ping_status":"closed","template":"","meta":{"footnotes":""},"_links":{"self":[{"href":"http:\/\/s-o-c.fr\/index.php\/wp-json\/wp\/v2\/pages\/158"}],"collection":[{"href":"http:\/\/s-o-c.fr\/index.php\/wp-json\/wp\/v2\/pages"}],"about":[{"href":"http:\/\/s-o-c.fr\/index.php\/wp-json\/wp\/v2\/types\/page"}],"author":[{"embeddable":true,"href":"http:\/\/s-o-c.fr\/index.php\/wp-json\/wp\/v2\/users\/1"}],"replies":[{"embeddable":true,"href":"http:\/\/s-o-c.fr\/index.php\/wp-json\/wp\/v2\/comments?post=158"}],"version-history":[{"count":11,"href":"http:\/\/s-o-c.fr\/index.php\/wp-json\/wp\/v2\/pages\/158\/revisions"}],"predecessor-version":[{"id":2193,"href":"http:\/\/s-o-c.fr\/index.php\/wp-json\/wp\/v2\/pages\/158\/revisions\/2193"}],"up":[{"embeddable":true,"href":"http:\/\/s-o-c.fr\/index.php\/wp-json\/wp\/v2\/pages\/113"}],"wp:attachment":[{"href":"http:\/\/s-o-c.fr\/index.php\/wp-json\/wp\/v2\/media?parent=158"}],"curies":[{"name":"wp","href":"https:\/\/api.w.org\/{rel}","templated":true}]}}