{"id":1475,"date":"2020-05-13T17:01:52","date_gmt":"2020-05-13T15:01:52","guid":{"rendered":"http:\/\/s-o-c.fr\/?page_id=1475"},"modified":"2023-01-30T10:41:05","modified_gmt":"2023-01-30T09:41:05","slug":"ncd","status":"publish","type":"page","link":"http:\/\/s-o-c.fr\/index.php\/ncd\/","title":{"rendered":"O\u00f9 Atterrir? Les Nouveaux Cahiers de Dol\u00e9ances"},"content":{"rendered":"\n<p class=\"has-extra-small-font-size\"><strong>Recherche-action, r\u00e9gion Limousin, territoire rural Ville de St Junien et de la Chatre. Equipe : SOC, S-Composition, Bruno Latour. Financement : Minist\u00e8re de la transition \u00e9cologique et solidaire. <a href=\"http:\/\/ouatterrir.fr\/index.php\/atterrissage\/\">Site web Consortium O\u00f9 Atterrir?<\/a>. Site web interactif de la d\u00e9marche en cours de r\u00e9alisation. Rapport d&#8217;activit\u00e9 final en cours de publication.<\/strong><\/p>\n\n\n\n<h4 class=\"has-text-align-left wp-block-heading\"><strong>La d\u00e9marche<\/strong><\/h4>\n\n\n\n<div class=\"wp-block-columns alignwide is-layout-flex wp-container-core-columns-layout-1 wp-block-columns-is-layout-flex\">\n<div class=\"wp-block-column is-layout-flow wp-block-column-is-layout-flow\">\n<p class=\"has-extra-small-font-size\">Le territoire du XXI\u00e8me si\u00e8cle est un territoire abstrait, mais aussi r\u00e9ticulaire et multiple, d\u2019o\u00f9 notre difficult\u00e9 \u00e0 le d\u00e9crire, \u00e0 le visualiser et \u00e0 le repr\u00e9senter. La question du sol \u00ab qui se d\u00e9robe sous nos pieds \u00bb devient centrale dans la d\u00e9finition de notre rapport au monde. Le projet des NCD (Nouveaux Cahiers de Dol\u00e9ance) propose d\u2019exp\u00e9rimenter une m\u00e9thodologie de description de ce territoire du XXI\u00e8me si\u00e8cle \u00e0 partir du terrain de vie (ou territoire de subsistance) de chacun d\u2019entre-nous. L\u2019introduction de la subjectivit\u00e9 et la multiplication des points de vue provoquent une pixellisation du monde dont il s\u2019agira de repr\u00e9senter la mat\u00e9rialit\u00e9. \u00ab La fin de l\u2019espace \u00bb nous interdit en effet de nous contenter d\u2019un relev\u00e9 physique qui tiendrait dans des fronti\u00e8res et nous impose de questionner nos outils de description. Sur une id\u00e9e de Bruno Latour et suite \u00e0 son livre O\u00f9 Atterrir? (La D\u00e9couverte, 2017), nous avons entrepris des ateliers d\u2019orientation en politique avec des groupes de citoyens-experts. <\/p>\n<\/div>\n\n\n\n<div class=\"wp-block-column is-layout-flow wp-block-column-is-layout-flow\">\n<p class=\"has-extra-small-font-size\">Les objectifs sont:<\/p>\n\n\n\n<p class=\"has-extra-small-font-size\">1- La description pr\u00e9alable des formes d\u2019attachement \u00e0 un territoire pr\u00e9cis par chacun et chacune des citoyennes-expertes <\/p>\n\n\n\n<p class=\"has-extra-small-font-size\">2- Des formes renouvel\u00e9es d\u2019appropriation et de repr\u00e9sentations des enjeux publics <\/p>\n\n\n\n<p class=\"has-extra-small-font-size\">3- La visualisation d\u2019un territoire dont la description a \u00e9t\u00e9 mise \u00e0 jour par une s\u00e9rie de cartographies alternatives.<\/p>\n<\/div>\n<\/div>\n\n\n\n<figure class=\"wp-block-image alignwide size-large\"><img loading=\"lazy\" decoding=\"async\" width=\"1024\" height=\"684\" src=\"http:\/\/s-o-c.fr\/wp-content\/uploads\/2022\/04\/200229_116-1024x684.jpg\" alt=\"\" class=\"wp-image-1616\" srcset=\"http:\/\/s-o-c.fr\/wp-content\/uploads\/2022\/04\/200229_116-1024x684.jpg 1024w, http:\/\/s-o-c.fr\/wp-content\/uploads\/2022\/04\/200229_116-300x200.jpg 300w, http:\/\/s-o-c.fr\/wp-content\/uploads\/2022\/04\/200229_116-768x513.jpg 768w, http:\/\/s-o-c.fr\/wp-content\/uploads\/2022\/04\/200229_116-1536x1025.jpg 1536w, http:\/\/s-o-c.fr\/wp-content\/uploads\/2022\/04\/200229_116-330x220.jpg 330w, http:\/\/s-o-c.fr\/wp-content\/uploads\/2022\/04\/200229_116.jpg 2000w\" sizes=\"(max-width: 1024px) 100vw, 1024px\" \/><\/figure>\n\n\n\n<figure class=\"wp-block-embed alignwide is-type-video is-provider-vimeo wp-block-embed-vimeo wp-embed-aspect-16-9 wp-has-aspect-ratio\"><div class=\"wp-block-embed__wrapper\">\n<iframe loading=\"lazy\" title=\"Consortium Ou atterrir? pr&amp;eacute;sentation de la d&amp;eacute;marche par Bruno Latour\" src=\"https:\/\/player.vimeo.com\/video\/388956308?h=45ae78bc4f&amp;dnt=1&amp;app_id=122963\" width=\"750\" height=\"422\" frameborder=\"0\" allow=\"autoplay; fullscreen; picture-in-picture\" allowfullscreen><\/iframe>\n<\/div><\/figure>\n\n\n\n<h4 class=\"has-text-align-left wp-block-heading\"><strong>Les outils cartographiques<\/strong><\/h4>\n\n\n\n<div class=\"wp-block-columns alignwide is-layout-flex wp-container-core-columns-layout-2 wp-block-columns-is-layout-flex\">\n<div class=\"wp-block-column is-layout-flow wp-block-column-is-layout-flow\" style=\"flex-basis:50%\">\n<figure class=\"wp-block-video\"><video controls loop src=\"http:\/\/s-o-c.fr\/wp-content\/uploads\/2022\/10\/1-boussole.mp4\"><\/video><\/figure>\n<\/div>\n\n\n\n<div class=\"wp-block-column is-layout-flow wp-block-column-is-layout-flow\" style=\"flex-basis:50%\">\n<figure class=\"wp-block-embed is-type-video is-provider-vimeo wp-block-embed-vimeo wp-embed-aspect-16-9 wp-has-aspect-ratio\"><div class=\"wp-block-embed__wrapper\">\n<iframe loading=\"lazy\" title=\"BOUSOLE EXPLICATION.mp4\" src=\"https:\/\/player.vimeo.com\/video\/757592535?h=7ad8e0e65e&amp;dnt=1&amp;app_id=122963\" width=\"750\" height=\"422\" frameborder=\"0\" allow=\"autoplay; fullscreen; picture-in-picture\" allowfullscreen><\/iframe>\n<\/div><figcaption class=\"wp-element-caption\"><em>La boussole. SOC 2020<\/em><\/figcaption><\/figure>\n<\/div>\n<\/div>\n\n\n\n<div class=\"wp-block-columns alignwide is-layout-flex wp-container-core-columns-layout-3 wp-block-columns-is-layout-flex\">\n<div class=\"wp-block-column is-layout-flow wp-block-column-is-layout-flow\" style=\"flex-basis:50%\"><div class=\"wp-block-image\">\n<figure class=\"aligncenter size-full\"><img loading=\"lazy\" decoding=\"async\" width=\"1810\" height=\"2560\" src=\"http:\/\/s-o-c.fr\/wp-content\/uploads\/2022\/04\/Manuel-de-fabrication-de-la-boussole_2020.10-01-scaled.jpg\" alt=\"\" class=\"wp-image-1618\" srcset=\"http:\/\/s-o-c.fr\/wp-content\/uploads\/2022\/04\/Manuel-de-fabrication-de-la-boussole_2020.10-01-scaled.jpg 1810w, http:\/\/s-o-c.fr\/wp-content\/uploads\/2022\/04\/Manuel-de-fabrication-de-la-boussole_2020.10-01-212x300.jpg 212w, http:\/\/s-o-c.fr\/wp-content\/uploads\/2022\/04\/Manuel-de-fabrication-de-la-boussole_2020.10-01-724x1024.jpg 724w, http:\/\/s-o-c.fr\/wp-content\/uploads\/2022\/04\/Manuel-de-fabrication-de-la-boussole_2020.10-01-768x1086.jpg 768w, http:\/\/s-o-c.fr\/wp-content\/uploads\/2022\/04\/Manuel-de-fabrication-de-la-boussole_2020.10-01-1086x1536.jpg 1086w, http:\/\/s-o-c.fr\/wp-content\/uploads\/2022\/04\/Manuel-de-fabrication-de-la-boussole_2020.10-01-1448x2048.jpg 1448w\" sizes=\"(max-width: 1810px) 100vw, 1810px\" \/><figcaption class=\"wp-element-caption\"><em>Manuel de la boussole. SOC 2020<\/em><\/figcaption><\/figure><\/div><\/div>\n\n\n\n<div class=\"wp-block-column is-layout-flow wp-block-column-is-layout-flow\" style=\"flex-basis:50%\"><div class=\"wp-block-image\">\n<figure class=\"aligncenter size-full\"><img loading=\"lazy\" decoding=\"async\" width=\"1511\" height=\"2560\" src=\"http:\/\/s-o-c.fr\/wp-content\/uploads\/2022\/04\/Manuel-de-fabrication-de-la-boussole_2020.10-02-scaled.jpg\" alt=\"\" class=\"wp-image-1619\" srcset=\"http:\/\/s-o-c.fr\/wp-content\/uploads\/2022\/04\/Manuel-de-fabrication-de-la-boussole_2020.10-02-scaled.jpg 1511w, http:\/\/s-o-c.fr\/wp-content\/uploads\/2022\/04\/Manuel-de-fabrication-de-la-boussole_2020.10-02-177x300.jpg 177w, http:\/\/s-o-c.fr\/wp-content\/uploads\/2022\/04\/Manuel-de-fabrication-de-la-boussole_2020.10-02-604x1024.jpg 604w, http:\/\/s-o-c.fr\/wp-content\/uploads\/2022\/04\/Manuel-de-fabrication-de-la-boussole_2020.10-02-768x1301.jpg 768w, http:\/\/s-o-c.fr\/wp-content\/uploads\/2022\/04\/Manuel-de-fabrication-de-la-boussole_2020.10-02-907x1536.jpg 907w, http:\/\/s-o-c.fr\/wp-content\/uploads\/2022\/04\/Manuel-de-fabrication-de-la-boussole_2020.10-02-1209x2048.jpg 1209w\" sizes=\"(max-width: 1511px) 100vw, 1511px\" \/><\/figure><\/div><\/div>\n<\/div>\n\n\n\n<h4 class=\"has-text-align-left wp-block-heading\"><strong>Les ateliers collectifs<\/strong><\/h4>\n\n\n\n<div class=\"wp-block-columns alignwide is-layout-flex wp-container-core-columns-layout-4 wp-block-columns-is-layout-flex\">\n<div class=\"wp-block-column is-layout-flow wp-block-column-is-layout-flow\">\n<p class=\"has-extra-small-font-size\">En tant que projet pilote, l\u2019exp\u00e9rimentation men\u00e9e en R\u00e9gion Centre Limousin avec une cinquantaine de participants d\u2019horizons, d\u2019\u00e2ges et de m\u00e9tiers diff\u00e9rents, a permis l\u2019invention d\u2019une s\u00e9rie d\u2019outils et de protocoles produits avec et inspir\u00e9s par les habitants, afin que chacun.e puisse d\u00e9crire une entit\u00e9 menac\u00e9e du territoire et par ailleurs essentielle pour sa propre subsistance.&nbsp;<\/p>\n\n\n\n<p class=\"has-extra-small-font-size\">Ci-dessous l\u2019outil \u2018boussole\u2019 permet de se rep\u00e9rer dans le flux d\u2019actions et des valeurs, de reconnaitre ses amis et ennemies (ceux qui peuvent me soutenir et ceux qui peuvent emp\u00eacher mon action), et surtout de les partager au sein du collectif provisoirement assembl\u00e9. L\u2019objectif est une \u00e9criture collective d\u2019une dol\u00e9ance \u00e0 porter jusqu\u2019au niveau de l\u2019Etat. Mais au fil de l\u2019exp\u00e9rience, cet objectif s\u2019est r\u00e9v\u00e9l\u00e9 plus compliqu\u00e9 que pr\u00e9vu du fait des divergences individuelles. Les premi\u00e8res \u00e9tapes visaient donc \u00e0 fournir aux citoyens-experts (de leur territoire) des outils strat\u00e9giques d\u2019\u00e9criture ou de carte, comme des abaques, outils de mesures, afin de d\u00e9crire tr\u00e8s pr\u00e9cisement leur d\u00e9pendances et les menaces. Chacun.e avait ensuite pour mission de mener une enqu\u00eate s\u00e9rieuse et de mesurer la distance entre son concernement et ceux des autres (pour cela d\u2019autres outils cartographiques sc\u00e9niques comme ceux montr\u00e9s ci-contre ont d\u00e9velopp\u00e9s par SOC). Se dessine ainsi progressivement un autre territoire, non plus celui administratif, mais celui faisant \u00e9tat d\u2019un assemblage h\u00e9t\u00e9rog\u00e8ne et aux m\u00e9triques d\u00e9fiant les rep\u00e8res conventionnels. L\u00e0 encore, la visualisation des ces paysages superpos\u00e9s est essentielle pour la reconnaissance de ce qui compose aujourd\u2019hui un territoire.&nbsp;<\/p>\n<\/div>\n\n\n\n<div class=\"wp-block-column is-layout-flow wp-block-column-is-layout-flow\">\n<p class=\"has-extra-small-font-size\">La s\u00e9rie d\u2019ateliers avec les citoyens-experts donnent lieu, \u00e0 chaque \u00e9tape, \u00e0 une retranscription de la s\u00e9ance et \u00e0 une cartographie explorant les diff\u00e9rents aspects de la s\u00e9ance. Ainsi une s\u00e9rie d\u2019outils et de protocoles cartographiques ont pu \u00eatre invent\u00e9s et test\u00e9s et correspondent aux \u00e9tapes progressives de d\u00e9finition du territoire par les citoyens-experts. Chaque carte est le r\u00e9sultat d\u2019un dispositif sc\u00e9nique, ou d\u2019un r\u00e9cit d\u2019enqu\u00eate. Les boussoles, les abaques des inqui\u00e9tudes, la carte des puissances d\u2019agir, les cartes r\u00e9cits d\u2019enqu\u00eates et la carte des paysages superpos\u00e9s sont ces objets-espaces g\u00e9n\u00e9r\u00e9s \u00e0 partir des descriptions des territoires de subsistance.&nbsp;<\/p>\n\n\n\n<p class=\"has-extra-small-font-size\">Ensuite, la carte des puissances d\u2019agir est le r\u00e9sultat d\u2019une s\u00e9ance o\u00f9 les participants d\u00e9crivaient leurs actions (positives ou n\u00e9gatives) en faveur ou d\u00e9faveur de l\u2019entit\u00e9 \u2018humus\u2019 identifi\u00e9e comme menac\u00e9e sur le territoire par un des participants. Au centre l\u2019existence du sujet de pr\u00e9occupation est soumise aux actions quotidiennes de chacun.e. La carte rend visible ces tensions et les \u00e9nonce afin que chacun.e puisse se positionner par rapport aux autres et ainsi rep\u00e9rer ses alli\u00e9es ou ennemies en vue de formuler une dol\u00e9ance ou non par rapport \u00e0 cette entit\u00e9 menac\u00e9e.<\/p>\n<\/div>\n<\/div>\n\n\n\n<div class=\"wp-block-columns alignwide is-layout-flex wp-container-core-columns-layout-5 wp-block-columns-is-layout-flex\">\n<div class=\"wp-block-column is-layout-flow wp-block-column-is-layout-flow\" style=\"flex-basis:50%\">\n<figure class=\"wp-block-video\"><video controls src=\"http:\/\/s-o-c.fr\/wp-content\/uploads\/2022\/10\/2020_10_07-v3-abaque-graphique.mp4\"><\/video><figcaption class=\"wp-element-caption\"><em>Abaque des concernements. SOC 2020<\/em><\/figcaption><\/figure>\n<\/div>\n\n\n\n<div class=\"wp-block-column is-layout-flow wp-block-column-is-layout-flow\" style=\"flex-basis:50%\">\n<figure class=\"wp-block-video\"><video controls src=\"http:\/\/s-o-c.fr\/wp-content\/uploads\/2022\/10\/2-boussole-germonts_scenario-a.mp4\"><\/video><figcaption class=\"wp-element-caption\"><em>Cartographie d&#8217;une boussole et des multiples choix et leurs cons\u00e9quences<\/em><\/figcaption><\/figure>\n<\/div>\n<\/div>\n\n\n\n<div class=\"wp-block-columns alignwide is-layout-flex wp-container-core-columns-layout-6 wp-block-columns-is-layout-flex\">\n<div class=\"wp-block-column is-layout-flow wp-block-column-is-layout-flow\" style=\"flex-basis:50%\">\n<figure class=\"wp-block-video\"><video controls src=\"http:\/\/s-o-c.fr\/wp-content\/uploads\/2022\/10\/3-boussole-germonds-scenario-b.mp4\"><\/video><\/figure>\n<\/div>\n\n\n\n<div class=\"wp-block-column is-layout-flow wp-block-column-is-layout-flow\" style=\"flex-basis:50%\">\n<figure class=\"wp-block-video\"><video controls src=\"http:\/\/s-o-c.fr\/wp-content\/uploads\/2022\/10\/4-boussole-germonds_scenario-c.mp4\"><\/video><\/figure>\n<\/div>\n<\/div>\n\n\n\n<figure class=\"wp-block-video alignwide\"><video controls src=\"http:\/\/s-o-c.fr\/wp-content\/uploads\/2022\/10\/1-carte-puissance-dagir-humus-1.mp4\"><\/video><figcaption class=\"wp-element-caption\"><em>Carte des puissances d&#8217;agir, atelier O\u00f9 atterrir. SOC 2020<\/em><\/figcaption><\/figure>\n\n\n\n<h4 class=\"has-text-align-left wp-block-heading\"><strong>Carte finale<\/strong><\/h4>\n\n\n\n<div class=\"wp-block-columns alignwide is-layout-flex wp-container-core-columns-layout-7 wp-block-columns-is-layout-flex\">\n<div class=\"wp-block-column is-layout-flow wp-block-column-is-layout-flow\">\n<p class=\"has-extra-small-font-size\">La carte des paysages superpos\u00e9s vise \u00e0 repr\u00e9senter non pas un territoire tel qu\u2019il est administr\u00e9 mais tel qu\u2019il est saisi par les habitants et leurs attachements. L\u2019objectif est de rendre visible cette situation de territoire v\u00e9cu \u00e0 des gens ext\u00e9rieurs \u00e0 ce territoire, qui ne connaissent pas ce territoire. Les diff\u00e9rentes entit\u00e9s menac\u00e9es de chaque participant, comme nous l\u2019avons vous, sont difficilement commensurables, c\u2019est-\u00e0-dire comparables ou \u00e9quivalentes entre elles. Cet espace est donc relativiste car chacun construit son monde en fonction de l\u2019entit\u00e9\u0301 menac\u00e9e (son concernement, son caillou, et son enqu\u00eate). La carte retrace ces diff\u00e9rents mondes (descriptions, terrains de vie li\u00e9s \u00e0 l\u2019entit\u00e9\u0301 menac\u00e9e) et effectue des rebonds entre eux. Les rebonds sont des pr\u00e9occupations partag\u00e9es parmi plusieurs membres du collectif, parfois comme quelque chose accept\u00e9 par tous comme positif ou n\u00e9gatif ou bien dans d\u2019autres cas comme sujets de discordances. Par exemple, les voisins pour les Germond sont des alli\u00e9s sans qui leur territoire serait invivable (pr\u00eat d\u2019instruments et de machines, entre aide manuelle, d\u00e9pannage, etc), mais pour Philippe, le voisin est un ennemi (les m\u00e9gots jet\u00e9s par terre qui deviennent sources de conflit). <\/p>\n<\/div>\n\n\n\n<div class=\"wp-block-column is-layout-flow wp-block-column-is-layout-flow\">\n<p class=\"has-extra-small-font-size\">Les rebonds, ce sont les choses qui se touchent par hasard, mais qui pourrait ne pas l\u2019\u00eatre, c\u2019est-\u00e0-dire quand les territoires ne se recoupent pas. Le fait de partir des rebonds permet de tomber sur les terrains de vie, c\u2019est en ce sens qu\u2019il s\u2019agit d\u2019un territoire r\u00e9tabli. Lorsque la carte est donn\u00e9e \u00e0 des personnes ext\u00e9rieures, les administrateurs, alors le point de d\u00e9part de la fa\u00e7on dont ceux-ci vont approcher le territoire va \u00eatre diff\u00e8rent. Si par exemple l\u2019administrateur est responsable des for\u00eats, avec cette carte, il tombera sur Marie, Christine, c\u2019est-\u00e0-dire des gens qui sont d\u00e9j\u00e0\u0300 en train d\u2019\u00eatre un peuple associ\u00e9 \u00e0 des attachements entre eux. On ne cherche donc pas \u00e0 localiser des for\u00eats. Pour l\u2019administrateur qui s\u2019int\u00e9resse \u00e0 la question politique de repr\u00e9senter le peuple dont il est le serviteur, il est beaucoup plus utile de voir une carte qui parte des th\u00e8mes et l\u2019am\u00e8ne au peuple qui occupe ce territoire plut\u00f4t que de voir une carte g\u00e9ographique. C\u2019est cela que la carte des paysages superpos\u00e9s essaie de r\u00e9soudre<\/p>\n<\/div>\n<\/div>\n\n\n\n<figure class=\"wp-block-video alignwide\"><video controls src=\"http:\/\/s-o-c.fr\/wp-content\/uploads\/2022\/10\/paysages-supperpos\u00e9s_groupements.mp4\"><\/video><figcaption class=\"wp-element-caption\"><em>Carte des paysages partag\u00e9s, superpos\u00e9s. SOC 2020<\/em><\/figcaption><\/figure>\n\n\n\n<h4 class=\"has-text-align-left wp-block-heading\"><strong>Ressources<\/strong><\/h4>\n\n\n\n<div class=\"wp-block-columns alignwide is-layout-flex wp-container-core-columns-layout-8 wp-block-columns-is-layout-flex\">\n<div class=\"wp-block-column is-layout-flow wp-block-column-is-layout-flow\" style=\"flex-basis:50%\">\n<figure class=\"wp-block-image size-full\"><img loading=\"lazy\" decoding=\"async\" width=\"1920\" height=\"1080\" src=\"http:\/\/s-o-c.fr\/wp-content\/uploads\/2022\/10\/OA-presentaiton-demarche-SOC-septembre-22-.003.jpeg\" alt=\"\" class=\"wp-image-1999\" srcset=\"http:\/\/s-o-c.fr\/wp-content\/uploads\/2022\/10\/OA-presentaiton-demarche-SOC-septembre-22-.003.jpeg 1920w, http:\/\/s-o-c.fr\/wp-content\/uploads\/2022\/10\/OA-presentaiton-demarche-SOC-septembre-22-.003-300x169.jpeg 300w, http:\/\/s-o-c.fr\/wp-content\/uploads\/2022\/10\/OA-presentaiton-demarche-SOC-septembre-22-.003-1024x576.jpeg 1024w, http:\/\/s-o-c.fr\/wp-content\/uploads\/2022\/10\/OA-presentaiton-demarche-SOC-septembre-22-.003-768x432.jpeg 768w, http:\/\/s-o-c.fr\/wp-content\/uploads\/2022\/10\/OA-presentaiton-demarche-SOC-septembre-22-.003-1536x864.jpeg 1536w\" sizes=\"(max-width: 1920px) 100vw, 1920px\" \/><figcaption class=\"wp-element-caption\"><em>Sch\u00e9ma de la proc\u00e9dure compl\u00e8te O\u00f9 atterrir?<\/em><\/figcaption><\/figure>\n<\/div>\n\n\n\n<div class=\"wp-block-column is-layout-flow wp-block-column-is-layout-flow\" style=\"flex-basis:50%\">\n<figure class=\"wp-block-image size-large\"><img loading=\"lazy\" decoding=\"async\" width=\"1024\" height=\"576\" src=\"http:\/\/s-o-c.fr\/wp-content\/uploads\/2022\/10\/OA-presentaiton-demarche-SOC-septembre-22-.059-1024x576.jpeg\" alt=\"\" class=\"wp-image-2000\" srcset=\"http:\/\/s-o-c.fr\/wp-content\/uploads\/2022\/10\/OA-presentaiton-demarche-SOC-septembre-22-.059-1024x576.jpeg 1024w, http:\/\/s-o-c.fr\/wp-content\/uploads\/2022\/10\/OA-presentaiton-demarche-SOC-septembre-22-.059-300x169.jpeg 300w, http:\/\/s-o-c.fr\/wp-content\/uploads\/2022\/10\/OA-presentaiton-demarche-SOC-septembre-22-.059-768x432.jpeg 768w, http:\/\/s-o-c.fr\/wp-content\/uploads\/2022\/10\/OA-presentaiton-demarche-SOC-septembre-22-.059-1536x864.jpeg 1536w, http:\/\/s-o-c.fr\/wp-content\/uploads\/2022\/10\/OA-presentaiton-demarche-SOC-septembre-22-.059.jpeg 1920w\" sizes=\"(max-width: 1024px) 100vw, 1024px\" \/><figcaption class=\"wp-element-caption\"><em>Le cercle politique, que la proc\u00e9dure O\u00f9 Atterrir ? cherche \u00e0 compl\u00e9ter. Sch\u00e9ma Bruno Latour<\/em><\/figcaption><\/figure>\n<\/div>\n<\/div>\n\n\n\n<div class=\"wp-block-columns alignwide is-layout-flex wp-container-core-columns-layout-9 wp-block-columns-is-layout-flex\">\n<div class=\"wp-block-column is-layout-flow wp-block-column-is-layout-flow\" style=\"flex-basis:50%\">\n<figure class=\"wp-block-image size-large\"><img loading=\"lazy\" decoding=\"async\" width=\"1024\" height=\"576\" src=\"http:\/\/s-o-c.fr\/wp-content\/uploads\/2022\/10\/OA-presentaiton-demarche-SOC-septembre-22-.055-1024x576.jpeg\" alt=\"\" class=\"wp-image-2002\" srcset=\"http:\/\/s-o-c.fr\/wp-content\/uploads\/2022\/10\/OA-presentaiton-demarche-SOC-septembre-22-.055-1024x576.jpeg 1024w, http:\/\/s-o-c.fr\/wp-content\/uploads\/2022\/10\/OA-presentaiton-demarche-SOC-septembre-22-.055-300x169.jpeg 300w, http:\/\/s-o-c.fr\/wp-content\/uploads\/2022\/10\/OA-presentaiton-demarche-SOC-septembre-22-.055-768x432.jpeg 768w, http:\/\/s-o-c.fr\/wp-content\/uploads\/2022\/10\/OA-presentaiton-demarche-SOC-septembre-22-.055-1536x864.jpeg 1536w, http:\/\/s-o-c.fr\/wp-content\/uploads\/2022\/10\/OA-presentaiton-demarche-SOC-septembre-22-.055.jpeg 1920w\" sizes=\"(max-width: 1024px) 100vw, 1024px\" \/><figcaption class=\"wp-element-caption\"><em>Point th\u00e9orique sur la valeur des cartes<\/em><\/figcaption><\/figure>\n<\/div>\n\n\n\n<div class=\"wp-block-column is-layout-flow wp-block-column-is-layout-flow\" style=\"flex-basis:50%\">\n<figure class=\"wp-block-image size-large\"><img loading=\"lazy\" decoding=\"async\" width=\"1024\" height=\"576\" src=\"http:\/\/s-o-c.fr\/wp-content\/uploads\/2022\/10\/OA-presentaiton-demarche-SOC-septembre-22-.056-1024x576.jpeg\" alt=\"\" class=\"wp-image-2003\" srcset=\"http:\/\/s-o-c.fr\/wp-content\/uploads\/2022\/10\/OA-presentaiton-demarche-SOC-septembre-22-.056-1024x576.jpeg 1024w, http:\/\/s-o-c.fr\/wp-content\/uploads\/2022\/10\/OA-presentaiton-demarche-SOC-septembre-22-.056-300x169.jpeg 300w, http:\/\/s-o-c.fr\/wp-content\/uploads\/2022\/10\/OA-presentaiton-demarche-SOC-septembre-22-.056-768x432.jpeg 768w, http:\/\/s-o-c.fr\/wp-content\/uploads\/2022\/10\/OA-presentaiton-demarche-SOC-septembre-22-.056-1536x864.jpeg 1536w, http:\/\/s-o-c.fr\/wp-content\/uploads\/2022\/10\/OA-presentaiton-demarche-SOC-septembre-22-.056.jpeg 1920w\" sizes=\"(max-width: 1024px) 100vw, 1024px\" \/><\/figure>\n<\/div>\n<\/div>\n\n\n\n<h4 class=\"has-text-align-left wp-block-heading\"><strong>Making off<\/strong><\/h4>\n\n\n\n<figure class=\"wp-block-video aligncenter\"><video controls src=\"http:\/\/s-o-c.fr\/wp-content\/uploads\/2022\/10\/VIDEO-2020-10-08-12-23-54.mp4\"><\/video><\/figure>\n\n\n\n<h4 class=\"has-text-align-left wp-block-heading\">O\u00f9 Atterrir? en ligne<\/h4>\n\n\n\n<h5 class=\"has-text-align-left wp-block-heading\"><strong><a href=\"https:\/\/ouatterrir.medialab.sciences-po.fr\/#\/\">Questionnaire en ligne: O\u00f9 atterrir apr\u00e8s la pand\u00e9mie?<\/a><\/strong><\/h5>\n\n\n<div class=\"wp-block-image\">\n<figure class=\"aligncenter size-full\"><img loading=\"lazy\" decoding=\"async\" width=\"2560\" height=\"1920\" src=\"http:\/\/s-o-c.fr\/wp-content\/uploads\/2020\/05\/unnamed-2-scaled.jpg\" alt=\"\" class=\"wp-image-1462\" srcset=\"http:\/\/s-o-c.fr\/wp-content\/uploads\/2020\/05\/unnamed-2-scaled.jpg 2560w, http:\/\/s-o-c.fr\/wp-content\/uploads\/2020\/05\/unnamed-2-300x225.jpg 300w, http:\/\/s-o-c.fr\/wp-content\/uploads\/2020\/05\/unnamed-2-1024x768.jpg 1024w, http:\/\/s-o-c.fr\/wp-content\/uploads\/2020\/05\/unnamed-2-768x576.jpg 768w, http:\/\/s-o-c.fr\/wp-content\/uploads\/2020\/05\/unnamed-2-1536x1152.jpg 1536w, http:\/\/s-o-c.fr\/wp-content\/uploads\/2020\/05\/unnamed-2-2048x1536.jpg 2048w, http:\/\/s-o-c.fr\/wp-content\/uploads\/2020\/05\/unnamed-2-640x480.jpg 640w\" sizes=\"(max-width: 2560px) 100vw, 2560px\" \/><\/figure><\/div>","protected":false},"excerpt":{"rendered":"<p>Recherche-action, r\u00e9gion Limousin, territoire rural Ville de St Junien et de la Chatre. Equipe : SOC, S-Composition, Bruno Latour. Financement : Minist\u00e8re de la transition \u00e9cologique et solidaire. Site web Consortium O\u00f9 Atterrir?. Site web interactif de la d\u00e9marche en cours de r\u00e9alisation. Rapport d&#8217;activit\u00e9 final en cours de publication. La d\u00e9marche Le territoire du&hellip; <a class=\"more-link\" href=\"http:\/\/s-o-c.fr\/index.php\/ncd\/\">Continue reading <span class=\"screen-reader-text\">O\u00f9 Atterrir? Les Nouveaux Cahiers de Dol\u00e9ances<\/span><\/a><\/p>\n","protected":false},"author":1,"featured_media":0,"parent":0,"menu_order":0,"comment_status":"closed","ping_status":"closed","template":"page-fullwidth.php","meta":{"footnotes":""},"_links":{"self":[{"href":"http:\/\/s-o-c.fr\/index.php\/wp-json\/wp\/v2\/pages\/1475"}],"collection":[{"href":"http:\/\/s-o-c.fr\/index.php\/wp-json\/wp\/v2\/pages"}],"about":[{"href":"http:\/\/s-o-c.fr\/index.php\/wp-json\/wp\/v2\/types\/page"}],"author":[{"embeddable":true,"href":"http:\/\/s-o-c.fr\/index.php\/wp-json\/wp\/v2\/users\/1"}],"replies":[{"embeddable":true,"href":"http:\/\/s-o-c.fr\/index.php\/wp-json\/wp\/v2\/comments?post=1475"}],"version-history":[{"count":47,"href":"http:\/\/s-o-c.fr\/index.php\/wp-json\/wp\/v2\/pages\/1475\/revisions"}],"predecessor-version":[{"id":2178,"href":"http:\/\/s-o-c.fr\/index.php\/wp-json\/wp\/v2\/pages\/1475\/revisions\/2178"}],"wp:attachment":[{"href":"http:\/\/s-o-c.fr\/index.php\/wp-json\/wp\/v2\/media?parent=1475"}],"curies":[{"name":"wp","href":"https:\/\/api.w.org\/{rel}","templated":true}]}}