{"id":105,"date":"2017-05-28T11:06:41","date_gmt":"2017-05-28T09:06:41","guid":{"rendered":"http:\/\/s-o-c.fr\/?page_id=105"},"modified":"2018-08-01T19:31:44","modified_gmt":"2018-08-01T17:31:44","slug":"objet-frontiere","status":"publish","type":"page","link":"http:\/\/s-o-c.fr\/index.php\/objet-frontiere\/","title":{"rendered":"Objet-fronti\u00e8re"},"content":{"rendered":"<p>SOC produit des Objet-fronti\u00e8res, recens\u00e9s dans la page <a href=\"http:\/\/s-o-c.fr\/index.php\/ufo\/\">U-FO<\/a> (Unexpected Frontier Objects). Un Objet-Fronti\u00e8re traverse les disciplines et les statuts de production. C&#8217;est ce qui le rend int\u00e9ressant \u00e0 nos yeux. C&#8217;est autour de cette notion que nous faisons graviter nos projects.<\/p>\n<p>Un objet-fronti\u00e8re est un artefact permettant de collecter les connaissances et de d\u00e9crire la richesse des mondes, humains et nonhumains, sans effacer la diversit\u00e9 des points de vue. Terme issu de la th\u00e9orie de l\u2019acteur r\u00e9seau, il est le support de traductions h\u00e9t\u00e9rog\u00e8nes, un dispositif d\u2019int\u00e9gration de savoirs divers experts et non experts : il est donc caract\u00e9ris\u00e9 par une flexibilit\u00e9 interpr\u00e9tative qui permet de nous confronter \u00e0 nos mat\u00e9riaux de terrain.<\/p>\n<p>L&#8217;objet-fronti\u00e8re est pour nous un attracteur d&#8217;actions :<\/p>\n<ul>\n<li>recherche<\/li>\n<li>prototypage<\/li>\n<li>repr\u00e9sentation<\/li>\n<li>\u00e9change\/discussion<\/li>\n<li>performances<\/li>\n<li>publication<\/li>\n<li>design<\/li>\n<li>etc.<\/li>\n<\/ul>\n<p>Il fait \u00e9merger de nouvelles codisciplines entre ces actions:<\/p>\n<ul>\n<li>spatialiste<\/li>\n<li>essayiste<\/li>\n<li>performer<\/li>\n<li>producteur<\/li>\n<li>cartographe<\/li>\n<\/ul>\n<p>Dont les centres d&#8217;int\u00e9r\u00eats gravitent autour de:<\/p>\n<ul>\n<li>cosmogrammes<\/li>\n<li>strategic landscape<\/li>\n<li>g\u00e9ohistoires<\/li>\n<li>modeling<\/li>\n<\/ul>\n<p>&nbsp;<\/p>\n<p>Vers une d\u00e9finition de l&#8217;<a href=\"https:\/\/www.cairn.info\/revue-anthropologie-des-connaissances-2009-1-page-5.htm\">Objet-Fronti\u00e8re<\/a><\/p>\n<p>&nbsp;<\/p>\n","protected":false},"excerpt":{"rendered":"<p>SOC produit des Objet-fronti\u00e8res, recens\u00e9s dans la page U-FO (Unexpected Frontier Objects). Un Objet-Fronti\u00e8re traverse les disciplines et les statuts de production. C&#8217;est ce qui le rend int\u00e9ressant \u00e0 nos yeux. C&#8217;est autour de cette notion que nous faisons graviter nos projects. Un objet-fronti\u00e8re est un artefact permettant de collecter les connaissances et de d\u00e9crire&hellip; <a class=\"more-link\" href=\"http:\/\/s-o-c.fr\/index.php\/objet-frontiere\/\">Continue reading <span class=\"screen-reader-text\">Objet-fronti\u00e8re<\/span><\/a><\/p>\n","protected":false},"author":1,"featured_media":0,"parent":0,"menu_order":5,"comment_status":"closed","ping_status":"closed","template":"","meta":{"footnotes":""},"_links":{"self":[{"href":"http:\/\/s-o-c.fr\/index.php\/wp-json\/wp\/v2\/pages\/105"}],"collection":[{"href":"http:\/\/s-o-c.fr\/index.php\/wp-json\/wp\/v2\/pages"}],"about":[{"href":"http:\/\/s-o-c.fr\/index.php\/wp-json\/wp\/v2\/types\/page"}],"author":[{"embeddable":true,"href":"http:\/\/s-o-c.fr\/index.php\/wp-json\/wp\/v2\/users\/1"}],"replies":[{"embeddable":true,"href":"http:\/\/s-o-c.fr\/index.php\/wp-json\/wp\/v2\/comments?post=105"}],"version-history":[{"count":10,"href":"http:\/\/s-o-c.fr\/index.php\/wp-json\/wp\/v2\/pages\/105\/revisions"}],"predecessor-version":[{"id":1223,"href":"http:\/\/s-o-c.fr\/index.php\/wp-json\/wp\/v2\/pages\/105\/revisions\/1223"}],"wp:attachment":[{"href":"http:\/\/s-o-c.fr\/index.php\/wp-json\/wp\/v2\/media?parent=105"}],"curies":[{"name":"wp","href":"https:\/\/api.w.org\/{rel}","templated":true}]}}